{"id":19035,"date":"2021-07-12T14:27:20","date_gmt":"2021-07-12T13:27:20","guid":{"rendered":"https:\/\/www.omaec.org\/?page_id=19035"},"modified":"2023-11-18T18:42:27","modified_gmt":"2023-11-18T17:42:27","slug":"values","status":"publish","type":"page","link":"https:\/\/www.omaec.org\/fr\/values\/","title":{"rendered":"Valores"},"content":{"rendered":"\t\t<div data-elementor-type=\"wp-page\" data-elementor-id=\"19035\" class=\"elementor elementor-19035 elementor-7066\" data-elementor-post-type=\"page\">\n\t\t\t\t\t\t\t\t\t<section class=\"elementor-section elementor-top-section elementor-element elementor-element-3f31e8ff elementor-section-boxed elementor-section-height-default elementor-section-height-default\" data-id=\"3f31e8ff\" data-element_type=\"section\" data-settings=\"{&quot;background_background&quot;:&quot;classic&quot;}\">\n\t\t\t\t\t\t\t<div class=\"elementor-background-overlay\"><\/div>\n\t\t\t\t\t\t\t<div class=\"elementor-container elementor-column-gap-default\">\n\t\t\t\t\t<div class=\"elementor-column elementor-col-100 elementor-top-column elementor-element elementor-element-1cb5b04a\" data-id=\"1cb5b04a\" data-element_type=\"column\">\n\t\t\t<div class=\"elementor-widget-wrap elementor-element-populated\">\n\t\t\t\t\t\t\t\t<div class=\"elementor-element elementor-element-30e62650 elementor-widget elementor-widget-spacer\" data-id=\"30e62650\" data-element_type=\"widget\" data-widget_type=\"spacer.default\">\n\t\t\t\t<div class=\"elementor-widget-container\">\n\t\t\t\t\t<div class=\"elementor-spacer\">\n\t\t\t<div class=\"elementor-spacer-inner\"><\/div>\n\t\t<\/div>\n\t\t\t\t<\/div>\n\t\t\t\t<\/div>\n\t\t\t\t\t<\/div>\n\t\t<\/div>\n\t\t\t\t\t\t\t<\/div>\n\t\t<\/section>\n\t\t\t\t<section class=\"elementor-section elementor-top-section elementor-element elementor-element-4de146d9 elementor-section-boxed elementor-section-height-default elementor-section-height-default\" data-id=\"4de146d9\" data-element_type=\"section\" data-settings=\"{&quot;background_background&quot;:&quot;classic&quot;}\">\n\t\t\t\t\t\t\t<div class=\"elementor-background-overlay\"><\/div>\n\t\t\t\t\t\t\t<div class=\"elementor-container elementor-column-gap-default\">\n\t\t\t\t\t<div class=\"elementor-column elementor-col-100 elementor-top-column elementor-element elementor-element-302c1bfb\" data-id=\"302c1bfb\" data-element_type=\"column\" data-settings=\"{&quot;background_background&quot;:&quot;classic&quot;}\">\n\t\t\t<div class=\"elementor-widget-wrap elementor-element-populated\">\n\t\t\t\t\t\t\t\t<div class=\"elementor-element elementor-element-108e4424 elementor-widget elementor-widget-spacer\" data-id=\"108e4424\" data-element_type=\"widget\" data-widget_type=\"spacer.default\">\n\t\t\t\t<div class=\"elementor-widget-container\">\n\t\t\t\t\t<div class=\"elementor-spacer\">\n\t\t\t<div class=\"elementor-spacer-inner\"><\/div>\n\t\t<\/div>\n\t\t\t\t<\/div>\n\t\t\t\t<\/div>\n\t\t\t\t<div class=\"elementor-element elementor-element-625da3de elementor-invisible elementor-widget elementor-widget-heading\" data-id=\"625da3de\" data-element_type=\"widget\" data-settings=\"{&quot;_animation&quot;:&quot;fadeIn&quot;}\" data-widget_type=\"heading.default\">\n\t\t\t\t<div class=\"elementor-widget-container\">\n\t\t\t<h2 class=\"elementor-heading-title elementor-size-default\">Valeurs<\/h2>\t\t<\/div>\n\t\t\t\t<\/div>\n\t\t\t\t<div class=\"elementor-element elementor-element-6a41b4ac elementor-widget-divider--view-line elementor-widget elementor-widget-divider\" data-id=\"6a41b4ac\" data-element_type=\"widget\" data-widget_type=\"divider.default\">\n\t\t\t\t<div class=\"elementor-widget-container\">\n\t\t\t\t\t<div class=\"elementor-divider\">\n\t\t\t<span class=\"elementor-divider-separator\">\n\t\t\t\t\t\t<\/span>\n\t\t<\/div>\n\t\t\t\t<\/div>\n\t\t\t\t<\/div>\n\t\t\t\t\t<\/div>\n\t\t<\/div>\n\t\t\t\t\t\t\t<\/div>\n\t\t<\/section>\n\t\t\t\t<section class=\"elementor-section elementor-top-section elementor-element elementor-element-54a79dbd elementor-section-boxed elementor-section-height-default elementor-section-height-default\" data-id=\"54a79dbd\" data-element_type=\"section\">\n\t\t\t\t\t\t<div class=\"elementor-container elementor-column-gap-no\">\n\t\t\t\t\t<div class=\"elementor-column elementor-col-100 elementor-top-column elementor-element elementor-element-1e2b353\" data-id=\"1e2b353\" data-element_type=\"column\">\n\t\t\t<div class=\"elementor-widget-wrap elementor-element-populated\">\n\t\t\t\t\t\t\t\t<section class=\"elementor-section elementor-inner-section elementor-element elementor-element-317bafe5 elementor-section-boxed elementor-section-height-default elementor-section-height-default\" data-id=\"317bafe5\" data-element_type=\"section\">\n\t\t\t\t\t\t<div class=\"elementor-container elementor-column-gap-default\">\n\t\t\t\t\t<div class=\"elementor-column elementor-col-100 elementor-inner-column elementor-element elementor-element-5f5f45ce\" data-id=\"5f5f45ce\" data-element_type=\"column\" data-settings=\"{&quot;background_background&quot;:&quot;classic&quot;}\">\n\t\t\t<div class=\"elementor-widget-wrap elementor-element-populated\">\n\t\t\t\t\t\t\t\t<div class=\"elementor-element elementor-element-2e860aad elementor-widget elementor-widget-spacer\" data-id=\"2e860aad\" data-element_type=\"widget\" data-widget_type=\"spacer.default\">\n\t\t\t\t<div class=\"elementor-widget-container\">\n\t\t\t\t\t<div class=\"elementor-spacer\">\n\t\t\t<div class=\"elementor-spacer-inner\"><\/div>\n\t\t<\/div>\n\t\t\t\t<\/div>\n\t\t\t\t<\/div>\n\t\t\t\t<div class=\"elementor-element elementor-element-7d6c7084 elementor-widget elementor-widget-text-editor\" data-id=\"7d6c7084\" data-element_type=\"widget\" data-widget_type=\"text-editor.default\">\n\t\t\t\t<div class=\"elementor-widget-container\">\n\t\t\t\t\t\t\t<ul><li>Nous vivons et d\u00e9fendons les valeurs \u00e9vang\u00e9liques.<\/li><li>Nous nous enrichissons des dons de nos familles charismatiques.<\/li><li>Nous sommes sensibles aux besoins des plus d\u00e9favoris\u00e9s. Nous d\u00e9fendons la famille, l&rsquo;\u00e9ducation et la vie (principe et fin).<\/li><li>Nous soutenons, par notre pri\u00e8re, les vocations religieuses et sacerdotales.<\/li><\/ul>\t\t\t\t\t\t<\/div>\n\t\t\t\t<\/div>\n\t\t\t\t\t<\/div>\n\t\t<\/div>\n\t\t\t\t\t\t\t<\/div>\n\t\t<\/section>\n\t\t\t\t\t<\/div>\n\t\t<\/div>\n\t\t\t\t\t\t\t<\/div>\n\t\t<\/section>\n\t\t\t\t<section class=\"elementor-section elementor-top-section elementor-element elementor-element-b2ae61e elementor-section-boxed elementor-section-height-default elementor-section-height-default\" data-id=\"b2ae61e\" data-element_type=\"section\" data-settings=\"{&quot;background_background&quot;:&quot;classic&quot;}\">\n\t\t\t\t\t\t\t<div class=\"elementor-background-overlay\"><\/div>\n\t\t\t\t\t\t\t<div class=\"elementor-container elementor-column-gap-default\">\n\t\t\t\t\t<div class=\"elementor-column elementor-col-100 elementor-top-column elementor-element elementor-element-cf2ae11\" data-id=\"cf2ae11\" data-element_type=\"column\">\n\t\t\t<div class=\"elementor-widget-wrap elementor-element-populated\">\n\t\t\t\t\t\t\t\t<div class=\"elementor-element elementor-element-31b992f1 elementor-widget elementor-widget-heading\" data-id=\"31b992f1\" data-element_type=\"widget\" data-widget_type=\"heading.default\">\n\t\t\t\t<div class=\"elementor-widget-container\">\n\t\t\t<h2 class=\"elementor-heading-title elementor-size-default\">En savoir plus sur l'OMAEC<\/h2>\t\t<\/div>\n\t\t\t\t<\/div>\n\t\t\t\t<div class=\"elementor-element elementor-element-368366ec elementor-widget-divider--view-line elementor-widget elementor-widget-divider\" data-id=\"368366ec\" data-element_type=\"widget\" data-widget_type=\"divider.default\">\n\t\t\t\t<div class=\"elementor-widget-container\">\n\t\t\t\t\t<div class=\"elementor-divider\">\n\t\t\t<span class=\"elementor-divider-separator\">\n\t\t\t\t\t\t<\/span>\n\t\t<\/div>\n\t\t\t\t<\/div>\n\t\t\t\t<\/div>\n\t\t\t\t\t<\/div>\n\t\t<\/div>\n\t\t\t\t\t\t\t<\/div>\n\t\t<\/section>\n\t\t\t\t<section class=\"elementor-section elementor-inner-section elementor-element elementor-element-67f1ffcb elementor-section-boxed elementor-section-height-default elementor-section-height-default\" data-id=\"67f1ffcb\" data-element_type=\"section\">\n\t\t\t\t\t\t<div class=\"elementor-container elementor-column-gap-default\">\n\t\t\t\t\t<div class=\"elementor-column elementor-col-33 elementor-inner-column elementor-element elementor-element-319c4cf4\" data-id=\"319c4cf4\" data-element_type=\"column\">\n\t\t\t<div class=\"elementor-widget-wrap elementor-element-populated\">\n\t\t\t\t\t\t\t\t<div class=\"elementor-element elementor-element-2d5a5a7a elementor-widget elementor-widget-image\" data-id=\"2d5a5a7a\" data-element_type=\"widget\" data-widget_type=\"image.default\">\n\t\t\t\t<div class=\"elementor-widget-container\">\n\t\t\t\t\t\t\t\t\t\t\t\t\t\t\t\t<a href=\"https:\/\/www.omaec.org\/valores\">\n\t\t\t\t\t\t\t<img loading=\"lazy\" decoding=\"async\" width=\"744\" height=\"418\" src=\"https:\/\/www.omaec.org\/wp-content\/uploads\/2021\/06\/solidaridad-antiguas-alumnas-amasac.jpg\" class=\"attachment-large size-large wp-image-6000\" alt=\"\" srcset=\"https:\/\/www.omaec.org\/wp-content\/uploads\/2021\/06\/solidaridad-antiguas-alumnas-amasac.jpg 793w, https:\/\/www.omaec.org\/wp-content\/uploads\/2021\/06\/solidaridad-antiguas-alumnas-amasac-300x169.jpg 300w, https:\/\/www.omaec.org\/wp-content\/uploads\/2021\/06\/solidaridad-antiguas-alumnas-amasac-768x432.jpg 768w, https:\/\/www.omaec.org\/wp-content\/uploads\/2021\/06\/solidaridad-antiguas-alumnas-amasac-600x337.jpg 600w\" sizes=\"auto, (max-width: 744px) 100vw, 744px\" \/>\t\t\t\t\t\t\t\t<\/a>\n\t\t\t\t\t\t\t\t\t\t\t\t\t\t\t<\/div>\n\t\t\t\t<\/div>\n\t\t\t\t<div class=\"elementor-element elementor-element-54081c20 elementor-widget elementor-widget-heading\" data-id=\"54081c20\" data-element_type=\"widget\" data-widget_type=\"heading.default\">\n\t\t\t\t<div class=\"elementor-widget-container\">\n\t\t\t<h2 class=\"elementor-heading-title elementor-size-default\"><a href=\"https:\/\/www.omaec.org\/historia\">Valores<\/a><\/h2>\t\t<\/div>\n\t\t\t\t<\/div>\n\t\t\t\t<div class=\"elementor-element elementor-element-156dfca elementor-widget elementor-widget-text-editor\" data-id=\"156dfca\" data-element_type=\"widget\" data-widget_type=\"text-editor.default\">\n\t\t\t\t<div class=\"elementor-widget-container\">\n\t\t\t\t\t\t\t<p>Nous sommes sensibles aux besoins des plus d\u00e9favoris\u00e9s. Nous d\u00e9fendons la famille, l&rsquo;\u00e9ducation et la vie.<\/p>\n\t\t\t\t\t\t<\/div>\n\t\t\t\t<\/div>\n\t\t\t\t<div class=\"elementor-element elementor-element-3e8ae1a7 elementor-widget__width-initial elementor-view-default elementor-widget elementor-widget-icon\" data-id=\"3e8ae1a7\" data-element_type=\"widget\" data-widget_type=\"icon.default\">\n\t\t\t\t<div class=\"elementor-widget-container\">\n\t\t\t\t\t<div class=\"elementor-icon-wrapper\">\n\t\t\t<a class=\"elementor-icon elementor-animation-shrink\" href=\"https:\/\/www.omaec.org\/valores\">\n\t\t\t<i aria-hidden=\"true\" class=\"far fa-arrow-alt-circle-right\"><\/i>\t\t\t<\/a>\n\t\t<\/div>\n\t\t\t\t<\/div>\n\t\t\t\t<\/div>\n\t\t\t\t<div class=\"elementor-element elementor-element-592584f2 elementor-widget__width-initial elementor-widget elementor-widget-text-editor\" data-id=\"592584f2\" data-element_type=\"widget\" data-widget_type=\"text-editor.default\">\n\t\t\t\t<div class=\"elementor-widget-container\">\n\t\t\t\t\t\t\t<p><a href=\"https:\/\/www.omaec.org\/valores\"><strong>Continuer \u00e0 lire<\/strong><\/a><\/p>\n\t\t\t\t\t\t<\/div>\n\t\t\t\t<\/div>\n\t\t\t\t\t<\/div>\n\t\t<\/div>\n\t\t\t\t<div class=\"elementor-column elementor-col-33 elementor-inner-column elementor-element elementor-element-5f48b668\" data-id=\"5f48b668\" data-element_type=\"column\">\n\t\t\t<div class=\"elementor-widget-wrap elementor-element-populated\">\n\t\t\t\t\t\t\t\t<div class=\"elementor-element elementor-element-1958416b elementor-widget elementor-widget-image\" data-id=\"1958416b\" data-element_type=\"widget\" data-widget_type=\"image.default\">\n\t\t\t\t<div class=\"elementor-widget-container\">\n\t\t\t\t\t\t\t\t\t\t\t\t\t\t\t\t<a href=\"https:\/\/www.omaec.org\/mision\">\n\t\t\t\t\t\t\t<img loading=\"lazy\" decoding=\"async\" width=\"744\" height=\"419\" src=\"https:\/\/www.omaec.org\/wp-content\/uploads\/2021\/07\/omaec-conf-1024x576.jpg\" class=\"attachment-large size-large wp-image-7092\" alt=\"\" srcset=\"https:\/\/www.omaec.org\/wp-content\/uploads\/2021\/07\/omaec-conf-1024x576.jpg 1024w, https:\/\/www.omaec.org\/wp-content\/uploads\/2021\/07\/omaec-conf-300x169.jpg 300w, https:\/\/www.omaec.org\/wp-content\/uploads\/2021\/07\/omaec-conf-768x432.jpg 768w, https:\/\/www.omaec.org\/wp-content\/uploads\/2021\/07\/omaec-conf-600x337.jpg 600w, https:\/\/www.omaec.org\/wp-content\/uploads\/2021\/07\/omaec-conf-1536x864.jpg 1536w, https:\/\/www.omaec.org\/wp-content\/uploads\/2021\/07\/omaec-conf-2048x1152.jpg 2048w, https:\/\/www.omaec.org\/wp-content\/uploads\/2021\/07\/omaec-conf-1170x658.jpg 1170w\" sizes=\"auto, (max-width: 744px) 100vw, 744px\" \/>\t\t\t\t\t\t\t\t<\/a>\n\t\t\t\t\t\t\t\t\t\t\t\t\t\t\t<\/div>\n\t\t\t\t<\/div>\n\t\t\t\t<div class=\"elementor-element elementor-element-26e3df5a elementor-widget elementor-widget-heading\" data-id=\"26e3df5a\" data-element_type=\"widget\" data-widget_type=\"heading.default\">\n\t\t\t\t<div class=\"elementor-widget-container\">\n\t\t\t<h2 class=\"elementor-heading-title elementor-size-default\"><a href=\"https:\/\/www.omaec.org\/fines\">Mission<\/a><\/h2>\t\t<\/div>\n\t\t\t\t<\/div>\n\t\t\t\t<div class=\"elementor-element elementor-element-a2da608 elementor-widget elementor-widget-text-editor\" data-id=\"a2da608\" data-element_type=\"widget\" data-widget_type=\"text-editor.default\">\n\t\t\t\t<div class=\"elementor-widget-container\">\n\t\t\t\t\t\t\t<p>L&rsquo;OMAEC encourage l&rsquo;implication et l&rsquo;engagement des anciens \u00e9l\u00e8ves du monde entier dans divers domaines de la soci\u00e9t\u00e9.<\/p>\n\t\t\t\t\t\t<\/div>\n\t\t\t\t<\/div>\n\t\t\t\t<div class=\"elementor-element elementor-element-7e8c55fb elementor-widget__width-initial elementor-view-default elementor-widget elementor-widget-icon\" data-id=\"7e8c55fb\" data-element_type=\"widget\" data-widget_type=\"icon.default\">\n\t\t\t\t<div class=\"elementor-widget-container\">\n\t\t\t\t\t<div class=\"elementor-icon-wrapper\">\n\t\t\t<a class=\"elementor-icon elementor-animation-shrink\" href=\"https:\/\/www.omaec.org\/mision\">\n\t\t\t<i aria-hidden=\"true\" class=\"far fa-arrow-alt-circle-right\"><\/i>\t\t\t<\/a>\n\t\t<\/div>\n\t\t\t\t<\/div>\n\t\t\t\t<\/div>\n\t\t\t\t<div class=\"elementor-element elementor-element-7156735c elementor-widget__width-initial elementor-widget elementor-widget-text-editor\" data-id=\"7156735c\" data-element_type=\"widget\" data-widget_type=\"text-editor.default\">\n\t\t\t\t<div class=\"elementor-widget-container\">\n\t\t\t\t\t\t\t<p><a href=\"https:\/\/www.omaec.org\/mision\"><strong>Continuer \u00e0 lire<\/strong><\/a><\/p>\n\t\t\t\t\t\t<\/div>\n\t\t\t\t<\/div>\n\t\t\t\t\t<\/div>\n\t\t<\/div>\n\t\t\t\t<div class=\"elementor-column elementor-col-33 elementor-inner-column elementor-element elementor-element-b89c412\" data-id=\"b89c412\" data-element_type=\"column\">\n\t\t\t<div class=\"elementor-widget-wrap elementor-element-populated\">\n\t\t\t\t\t\t\t\t<div class=\"elementor-element elementor-element-5b966c8d elementor-widget elementor-widget-image\" data-id=\"5b966c8d\" data-element_type=\"widget\" data-widget_type=\"image.default\">\n\t\t\t\t<div class=\"elementor-widget-container\">\n\t\t\t\t\t\t\t\t\t\t\t\t\t\t\t\t<a href=\"https:\/\/www.omaec.org\/vision\">\n\t\t\t\t\t\t\t<img loading=\"lazy\" decoding=\"async\" width=\"744\" height=\"419\" src=\"https:\/\/www.omaec.org\/wp-content\/uploads\/2021\/07\/omaec-grup.jpg\" class=\"attachment-large size-large wp-image-7096\" alt=\"\" srcset=\"https:\/\/www.omaec.org\/wp-content\/uploads\/2021\/07\/omaec-grup.jpg 1024w, https:\/\/www.omaec.org\/wp-content\/uploads\/2021\/07\/omaec-grup-300x169.jpg 300w, https:\/\/www.omaec.org\/wp-content\/uploads\/2021\/07\/omaec-grup-768x432.jpg 768w, https:\/\/www.omaec.org\/wp-content\/uploads\/2021\/07\/omaec-grup-600x338.jpg 600w\" sizes=\"auto, (max-width: 744px) 100vw, 744px\" \/>\t\t\t\t\t\t\t\t<\/a>\n\t\t\t\t\t\t\t\t\t\t\t\t\t\t\t<\/div>\n\t\t\t\t<\/div>\n\t\t\t\t<div class=\"elementor-element elementor-element-52fc7cb2 elementor-widget elementor-widget-heading\" data-id=\"52fc7cb2\" data-element_type=\"widget\" data-widget_type=\"heading.default\">\n\t\t\t\t<div class=\"elementor-widget-container\">\n\t\t\t<h2 class=\"elementor-heading-title elementor-size-default\"><a href=\"https:\/\/www.omaec.org\/vision\">Visi\u00f3n<\/a><\/h2>\t\t<\/div>\n\t\t\t\t<\/div>\n\t\t\t\t<div class=\"elementor-element elementor-element-5a7f9a24 elementor-widget elementor-widget-text-editor\" data-id=\"5a7f9a24\" data-element_type=\"widget\" data-widget_type=\"text-editor.default\">\n\t\t\t\t<div class=\"elementor-widget-container\">\n\t\t\t\t\t\t\t<p>D\u00e9couvrez la vision de l&rsquo;OMAEC. Vers o\u00f9 nous diriger et qu&rsquo;est-ce que nous voulons accomplir en tant qu&rsquo;organisation internationale.<\/p>\n\t\t\t\t\t\t<\/div>\n\t\t\t\t<\/div>\n\t\t\t\t<div class=\"elementor-element elementor-element-235a018f elementor-widget__width-initial elementor-view-default elementor-widget elementor-widget-icon\" data-id=\"235a018f\" data-element_type=\"widget\" data-widget_type=\"icon.default\">\n\t\t\t\t<div class=\"elementor-widget-container\">\n\t\t\t\t\t<div class=\"elementor-icon-wrapper\">\n\t\t\t<a class=\"elementor-icon elementor-animation-shrink\" href=\"https:\/\/www.omaec.org\/vision\">\n\t\t\t<i aria-hidden=\"true\" class=\"far fa-arrow-alt-circle-right\"><\/i>\t\t\t<\/a>\n\t\t<\/div>\n\t\t\t\t<\/div>\n\t\t\t\t<\/div>\n\t\t\t\t<div class=\"elementor-element elementor-element-6442d429 elementor-widget__width-initial elementor-widget elementor-widget-text-editor\" data-id=\"6442d429\" data-element_type=\"widget\" data-widget_type=\"text-editor.default\">\n\t\t\t\t<div class=\"elementor-widget-container\">\n\t\t\t\t\t\t\t<p><a href=\"https:\/\/www.omaec.org\/vision\"><strong>Continuer \u00e0 lire<\/strong><\/a><\/p>\n\t\t\t\t\t\t<\/div>\n\t\t\t\t<\/div>\n\t\t\t\t\t<\/div>\n\t\t<\/div>\n\t\t\t\t\t\t\t<\/div>\n\t\t<\/section>\n\t\t\t\t\t\t\t<\/div>\n\t\t","protected":false},"excerpt":{"rendered":"<p>Valeurs Nous vivons et d\u00e9fendons les valeurs \u00e9vang\u00e9liques. Nous nous enrichissons des dons de nos familles charismatiques. Nous sommes sensibles aux besoins des plus d\u00e9favoris\u00e9s. Nous d\u00e9fendons la famille, l&rsquo;\u00e9ducation et la vie (principe et fin). Nous soutenons, par notre pri\u00e8re, les vocations religieuses et sacerdotales. En savoir plus sur l&rsquo;OMAEC Valores Nous sommes sensibles <a href=\"https:\/\/www.omaec.org\/fr\/values\/\" rel=\"nofollow\">(more&#8230;)<\/a><\/p>\n","protected":false},"author":1,"featured_media":0,"parent":0,"menu_order":0,"comment_status":"closed","ping_status":"closed","template":"templates\/fluid-width.php","meta":{"footnotes":""},"class_list":["post-19035","page","type-page","status-publish","hentry"],"acf":[],"yoast_head":"<!-- This site is optimized with the Yoast SEO plugin v20.11 - https:\/\/yoast.com\/wordpress\/plugins\/seo\/ -->\n<title>Valores - Organizaci\u00f3n Mundial de Antiguos Alumnos de la Educaci\u00f3n Cat\u00f3lica<\/title>\n<meta name=\"robots\" content=\"index, follow, max-snippet:-1, max-image-preview:large, max-video-preview:-1\" \/>\n<link rel=\"canonical\" href=\"https:\/\/www.omaec.org\/fr\/values\/\" \/>\n<meta property=\"og:locale\" content=\"fr_FR\" \/>\n<meta property=\"og:type\" content=\"article\" \/>\n<meta property=\"og:title\" content=\"Valores - Organizaci\u00f3n Mundial de Antiguos Alumnos de la Educaci\u00f3n Cat\u00f3lica\" \/>\n<meta property=\"og:description\" content=\"Valeurs Nous vivons et d\u00e9fendons les valeurs \u00e9vang\u00e9liques. Nous nous enrichissons des dons de nos familles charismatiques. Nous sommes sensibles aux besoins des plus d\u00e9favoris\u00e9s. Nous d\u00e9fendons la famille, l&rsquo;\u00e9ducation et la vie (principe et fin). Nous soutenons, par notre pri\u00e8re, les vocations religieuses et sacerdotales. En savoir plus sur l&rsquo;OMAEC Valores Nous sommes sensibles (more...)\" \/>\n<meta property=\"og:url\" content=\"https:\/\/www.omaec.org\/fr\/values\/\" \/>\n<meta property=\"og:site_name\" content=\"Organizaci\u00f3n Mundial de Antiguos Alumnos de la Educaci\u00f3n Cat\u00f3lica\" \/>\n<meta property=\"article:modified_time\" content=\"2023-11-18T17:42:27+00:00\" \/>\n<meta property=\"og:image\" content=\"https:\/\/www.omaec.org\/wp-content\/uploads\/2021\/06\/solidaridad-antiguas-alumnas-amasac.jpg\" \/>\n<meta name=\"twitter:card\" content=\"summary_large_image\" \/>\n<meta name=\"twitter:label1\" content=\"Dur\u00e9e de lecture estim\u00e9e\" \/>\n\t<meta name=\"twitter:data1\" content=\"2 minutes\" \/>\n<script type=\"application\/ld+json\" class=\"yoast-schema-graph\">{\"@context\":\"https:\/\/schema.org\",\"@graph\":[{\"@type\":\"WebPage\",\"@id\":\"https:\/\/www.omaec.org\/fr\/values\/\",\"url\":\"https:\/\/www.omaec.org\/fr\/values\/\",\"name\":\"Valores - Organizaci\u00f3n Mundial de Antiguos Alumnos de la Educaci\u00f3n Cat\u00f3lica\",\"isPartOf\":{\"@id\":\"https:\/\/www.omaec.org\/#website\"},\"datePublished\":\"2021-07-12T13:27:20+00:00\",\"dateModified\":\"2023-11-18T17:42:27+00:00\",\"breadcrumb\":{\"@id\":\"https:\/\/www.omaec.org\/fr\/values\/#breadcrumb\"},\"inLanguage\":\"fr-FR\",\"potentialAction\":[{\"@type\":\"ReadAction\",\"target\":[\"https:\/\/www.omaec.org\/fr\/values\/\"]}]},{\"@type\":\"BreadcrumbList\",\"@id\":\"https:\/\/www.omaec.org\/fr\/values\/#breadcrumb\",\"itemListElement\":[{\"@type\":\"ListItem\",\"position\":1,\"name\":\"Portada\",\"item\":\"https:\/\/www.omaec.org\/fr\/\"},{\"@type\":\"ListItem\",\"position\":2,\"name\":\"Valores\"}]},{\"@type\":\"WebSite\",\"@id\":\"https:\/\/www.omaec.org\/#website\",\"url\":\"https:\/\/www.omaec.org\/\",\"name\":\"Organizaci\u00f3n Mundial de Antiguos Alumnos de la Educaci\u00f3n Cat\u00f3lica\",\"description\":\"OMAEC\",\"publisher\":{\"@id\":\"https:\/\/www.omaec.org\/#organization\"},\"potentialAction\":[{\"@type\":\"SearchAction\",\"target\":{\"@type\":\"EntryPoint\",\"urlTemplate\":\"https:\/\/www.omaec.org\/?s={search_term_string}\"},\"query-input\":\"required name=search_term_string\"}],\"inLanguage\":\"fr-FR\"},{\"@type\":\"Organization\",\"@id\":\"https:\/\/www.omaec.org\/#organization\",\"name\":\"Organizaci\u00f3n Mundial de Antiguos Alumnos de la Educaci\u00f3n Cat\u00f3lica\",\"url\":\"https:\/\/www.omaec.org\/\",\"logo\":{\"@type\":\"ImageObject\",\"inLanguage\":\"fr-FR\",\"@id\":\"https:\/\/www.omaec.org\/#\/schema\/logo\/image\/\",\"url\":\"https:\/\/www.omaec.org\/wp-content\/uploads\/2021\/06\/OMAEC-LOGO-OFICIAL.jpg\",\"contentUrl\":\"https:\/\/www.omaec.org\/wp-content\/uploads\/2021\/06\/OMAEC-LOGO-OFICIAL.jpg\",\"width\":525,\"height\":452,\"caption\":\"Organizaci\u00f3n Mundial de Antiguos  Alumnos de la Educaci\u00f3n Cat\u00f3lica\"},\"image\":{\"@id\":\"https:\/\/www.omaec.org\/#\/schema\/logo\/image\/\"}}]}<\/script>\n<!-- \/ Yoast SEO plugin. -->","yoast_head_json":{"title":"Valores - Organizaci\u00f3n Mundial de Antiguos Alumnos de la Educaci\u00f3n Cat\u00f3lica","robots":{"index":"index","follow":"follow","max-snippet":"max-snippet:-1","max-image-preview":"max-image-preview:large","max-video-preview":"max-video-preview:-1"},"canonical":"https:\/\/www.omaec.org\/fr\/values\/","og_locale":"fr_FR","og_type":"article","og_title":"Valores - Organizaci\u00f3n Mundial de Antiguos Alumnos de la Educaci\u00f3n Cat\u00f3lica","og_description":"Valeurs Nous vivons et d\u00e9fendons les valeurs \u00e9vang\u00e9liques. Nous nous enrichissons des dons de nos familles charismatiques. Nous sommes sensibles aux besoins des plus d\u00e9favoris\u00e9s. Nous d\u00e9fendons la famille, l&rsquo;\u00e9ducation et la vie (principe et fin). Nous soutenons, par notre pri\u00e8re, les vocations religieuses et sacerdotales. En savoir plus sur l&rsquo;OMAEC Valores Nous sommes sensibles (more...)","og_url":"https:\/\/www.omaec.org\/fr\/values\/","og_site_name":"Organizaci\u00f3n Mundial de Antiguos Alumnos de la Educaci\u00f3n Cat\u00f3lica","article_modified_time":"2023-11-18T17:42:27+00:00","og_image":[{"url":"https:\/\/www.omaec.org\/wp-content\/uploads\/2021\/06\/solidaridad-antiguas-alumnas-amasac.jpg"}],"twitter_card":"summary_large_image","twitter_misc":{"Dur\u00e9e de lecture estim\u00e9e":"2 minutes"},"schema":{"@context":"https:\/\/schema.org","@graph":[{"@type":"WebPage","@id":"https:\/\/www.omaec.org\/fr\/values\/","url":"https:\/\/www.omaec.org\/fr\/values\/","name":"Valores - Organizaci\u00f3n Mundial de Antiguos Alumnos de la Educaci\u00f3n Cat\u00f3lica","isPartOf":{"@id":"https:\/\/www.omaec.org\/#website"},"datePublished":"2021-07-12T13:27:20+00:00","dateModified":"2023-11-18T17:42:27+00:00","breadcrumb":{"@id":"https:\/\/www.omaec.org\/fr\/values\/#breadcrumb"},"inLanguage":"fr-FR","potentialAction":[{"@type":"ReadAction","target":["https:\/\/www.omaec.org\/fr\/values\/"]}]},{"@type":"BreadcrumbList","@id":"https:\/\/www.omaec.org\/fr\/values\/#breadcrumb","itemListElement":[{"@type":"ListItem","position":1,"name":"Portada","item":"https:\/\/www.omaec.org\/fr\/"},{"@type":"ListItem","position":2,"name":"Valores"}]},{"@type":"WebSite","@id":"https:\/\/www.omaec.org\/#website","url":"https:\/\/www.omaec.org\/","name":"Organizaci\u00f3n Mundial de Antiguos Alumnos de la Educaci\u00f3n Cat\u00f3lica","description":"OMAEC","publisher":{"@id":"https:\/\/www.omaec.org\/#organization"},"potentialAction":[{"@type":"SearchAction","target":{"@type":"EntryPoint","urlTemplate":"https:\/\/www.omaec.org\/?s={search_term_string}"},"query-input":"required name=search_term_string"}],"inLanguage":"fr-FR"},{"@type":"Organization","@id":"https:\/\/www.omaec.org\/#organization","name":"Organizaci\u00f3n Mundial de Antiguos Alumnos de la Educaci\u00f3n Cat\u00f3lica","url":"https:\/\/www.omaec.org\/","logo":{"@type":"ImageObject","inLanguage":"fr-FR","@id":"https:\/\/www.omaec.org\/#\/schema\/logo\/image\/","url":"https:\/\/www.omaec.org\/wp-content\/uploads\/2021\/06\/OMAEC-LOGO-OFICIAL.jpg","contentUrl":"https:\/\/www.omaec.org\/wp-content\/uploads\/2021\/06\/OMAEC-LOGO-OFICIAL.jpg","width":525,"height":452,"caption":"Organizaci\u00f3n Mundial de Antiguos  Alumnos de la Educaci\u00f3n Cat\u00f3lica"},"image":{"@id":"https:\/\/www.omaec.org\/#\/schema\/logo\/image\/"}}]}},"_links":{"self":[{"href":"https:\/\/www.omaec.org\/fr\/wp-json\/wp\/v2\/pages\/19035","targetHints":{"allow":["GET"]}}],"collection":[{"href":"https:\/\/www.omaec.org\/fr\/wp-json\/wp\/v2\/pages"}],"about":[{"href":"https:\/\/www.omaec.org\/fr\/wp-json\/wp\/v2\/types\/page"}],"author":[{"embeddable":true,"href":"https:\/\/www.omaec.org\/fr\/wp-json\/wp\/v2\/users\/1"}],"replies":[{"embeddable":true,"href":"https:\/\/www.omaec.org\/fr\/wp-json\/wp\/v2\/comments?post=19035"}],"version-history":[{"count":9,"href":"https:\/\/www.omaec.org\/fr\/wp-json\/wp\/v2\/pages\/19035\/revisions"}],"predecessor-version":[{"id":19791,"href":"https:\/\/www.omaec.org\/fr\/wp-json\/wp\/v2\/pages\/19035\/revisions\/19791"}],"wp:attachment":[{"href":"https:\/\/www.omaec.org\/fr\/wp-json\/wp\/v2\/media?parent=19035"}],"curies":[{"name":"wp","href":"https:\/\/api.w.org\/{rel}","templated":true}]}}