{"id":383,"date":"2015-11-20T10:49:11","date_gmt":"2015-11-20T09:49:11","guid":{"rendered":"http:\/\/omaec.org\/fotos-2\/"},"modified":"2017-11-02T00:22:28","modified_gmt":"2017-11-01T23:22:28","slug":"fotos","status":"publish","type":"page","link":"https:\/\/www.omaec.org\/en\/fotos\/","title":{"rendered":"Photo Gallery"},"content":{"rendered":"<p><a href=\"http:\/\/omaec.org\/wp-content\/uploads\/2015\/11\/cursos-mooc-gratuitos-online-musica-fotografia-.jpg\" rel=\"attachment wp-att-1518\"><img loading=\"lazy\" decoding=\"async\" src=\"http:\/\/omaec.org\/wp-content\/uploads\/2015\/11\/cursos-mooc-gratuitos-online-musica-fotografia--300x188.jpg\" alt=\"cursos-mooc-gratuitos-online-musica-fotografia-\" width=\"300\" height=\"188\" class=\"alignnone size-medium wp-image-1518\" srcset=\"https:\/\/www.omaec.org\/wp-content\/uploads\/2015\/11\/cursos-mooc-gratuitos-online-musica-fotografia--300x188.jpg 300w, https:\/\/www.omaec.org\/wp-content\/uploads\/2015\/11\/cursos-mooc-gratuitos-online-musica-fotografia--768x480.jpg 768w, https:\/\/www.omaec.org\/wp-content\/uploads\/2015\/11\/cursos-mooc-gratuitos-online-musica-fotografia--1024x640.jpg 1024w, https:\/\/www.omaec.org\/wp-content\/uploads\/2015\/11\/cursos-mooc-gratuitos-online-musica-fotografia--600x375.jpg 600w, https:\/\/www.omaec.org\/wp-content\/uploads\/2015\/11\/cursos-mooc-gratuitos-online-musica-fotografia--150x94.jpg 150w, https:\/\/www.omaec.org\/wp-content\/uploads\/2015\/11\/cursos-mooc-gratuitos-online-musica-fotografia-.jpg 1920w\" sizes=\"auto, (max-width: 300px) 100vw, 300px\" \/><\/a><\/p>\n<p><strong>Pope FRANCISCO Vaticano 2017<\/strong><br \/>\n<a data-flickr-embed=\"true\" data-footer=\"true\"  href=\"https:\/\/www.flickr.com\/photos\/138094663@N04\/albums\/72157665752563259\" title=\"Papa FRANCISCO Vaticano 2017\"><img loading=\"lazy\" decoding=\"async\" src=\"https:\/\/farm5.staticflickr.com\/4473\/37390998384_9373cf7c5b_n.jpg\" width=\"320\" height=\"213\" alt=\"Papa FRANCISCO Vaticano 2017\"><\/a><script async src=\"\/\/embedr.flickr.com\/assets\/client-code.js\" charset=\"utf-8\"><\/script><\/p>\n<p><strong>ROME XV Congress OMAEC 2017<\/strong><br \/>\n<a data-flickr-embed=\"true\" data-footer=\"true\"  href=\"https:\/\/www.flickr.com\/photos\/138094663@N04\/albums\/72157690102005226\" title=\"ROME-XV Congress OMAEC 2017\"><img loading=\"lazy\" decoding=\"async\" src=\"https:\/\/farm5.staticflickr.com\/4466\/38098200461_f11c73a888_n.jpg\" width=\"320\" height=\"240\" alt=\"ROMA-XV Congreso OMAEC 2017\"><\/a><script async src=\"\/\/embedr.flickr.com\/assets\/client-code.js\" charset=\"utf-8\"><\/script><\/p>\n<p><strong>MADRID-SPAIN EC 2017<\/strong><br \/>\n<a data-flickr-embed=\"true\"  href=\"https:\/\/www.flickr.com\/gp\/138094663@N04\/9QMVWH\" title=\"MADRID-ESPA\u00d1A-CE-2017\"><img loading=\"lazy\" decoding=\"async\" src=\"https:\/\/c1.staticflickr.com\/1\/568\/32923581865_2421c34323_n.jpg\" width=\"320\" height=\"240\" alt=\"MADRID-ESPA\u00d1A-CE-2017\"><\/a><script async src=\"\/\/embedr.flickr.com\/assets\/client-code.js\" charset=\"utf-8\"><\/script><\/p>\n<p><strong>PARIS-FRANCE GA 2016<\/strong><br \/>\n<a data-flickr-embed=\"true\"  href=\"https:\/\/www.flickr.com\/photos\/138094663@N04\/albums\/72157667194783336\" title=\"PARIS-FRANCIA AG 2016\"><img loading=\"lazy\" decoding=\"async\" src=\"https:\/\/farm2.staticflickr.com\/1507\/26489396515_3934ee5481_n.jpg\" width=\"320\" height=\"240\" alt=\"PARIS-FRANCIA AG 2016\"><\/a><script async src=\"\/\/embedr.flickr.com\/assets\/client-code.js\" charset=\"utf-8\"><\/script><\/p>\n<p><strong>ROME-ITALY CE 2015<\/strong><br \/>\n<a data-flickr-embed=\"true\"  href=\"https:\/\/www.flickr.com\/photos\/138094663@N04\/albums\/72157664284361336\" title=\"ROMA-ITALIA CE 2015\"><img loading=\"lazy\" decoding=\"async\" src=\"https:\/\/farm2.staticflickr.com\/1701\/24838704555_0b7d2f3548_n.jpg\" width=\"320\" height=\"240\" alt=\"ROMA-ITALIA CE 2015\"><\/a><script async src=\"\/\/embedr.flickr.com\/assets\/client-code.js\" charset=\"utf-8\"><\/script><\/p>\n<p><strong>ROME-ITALY CE 2013<\/strong><br \/>\n<a data-flickr-embed=\"true\"  href=\"https:\/\/www.flickr.com\/photos\/138094663@N04\/albums\/72157664155110242\" title=\"ROMA-ITALIA CE 2013\"><img loading=\"lazy\" decoding=\"async\" src=\"https:\/\/farm2.staticflickr.com\/1534\/24812230986_ce30b2ee02_n.jpg\" width=\"320\" height=\"240\" alt=\"ROMA-ITALIA CE 2013\"><\/a><script async src=\"\/\/embedr.flickr.com\/assets\/client-code.js\" charset=\"utf-8\"><\/script><\/p>\n<p><strong>STRASBOURG-FRANCE &#8211; UNAEC &#8211; COUNCIL OF EUROPE 2013<\/strong><br \/>\n<a data-flickr-embed=\"true\"  href=\"https:\/\/www.flickr.com\/photos\/138094663@N04\/albums\/72157662004687414\" title=\"ESTRASBURGO-FRANCIA-UNAEC-CONSEJO DE EUROPA\"><img loading=\"lazy\" decoding=\"async\" src=\"https:\/\/farm2.staticflickr.com\/1635\/24812549616_9d6dc62734_n.jpg\" width=\"320\" height=\"240\" alt=\"ESTRASBURGO-FRANCIA-UNAEC-CONSEJO DE EUROPA\"><\/a><script async src=\"\/\/embedr.flickr.com\/assets\/client-code.js\" charset=\"utf-8\"><\/script><\/p>\n<p><strong>PARIS-MADRID RULES COMMITTEE 2013<\/strong><br \/>\n<a data-flickr-embed=\"true\"  href=\"https:\/\/www.flickr.com\/photos\/138094663@N04\/albums\/72157661983021413\" title=\"PARIS-MADRID -COMISION ESTATUTOS 2013\"><img loading=\"lazy\" decoding=\"async\" src=\"https:\/\/farm2.staticflickr.com\/1656\/24727089341_8ac04b946d_n.jpg\" width=\"320\" height=\"240\" alt=\"PARIS-MADRID -COMISION ESTATUTOS 2013\"><\/a><script async src=\"\/\/embedr.flickr.com\/assets\/client-code.js\" charset=\"utf-8\"><\/script><\/p>\n<p><strong>FLORENCE-ITALY-AG 2012<\/strong><br \/>\n<a data-flickr-embed=\"true\"  href=\"https:\/\/www.flickr.com\/photos\/138094663@N04\/albums\/72157664181320876\" title=\"Florencia AG 2012\"><img loading=\"lazy\" decoding=\"async\" src=\"https:\/\/farm2.staticflickr.com\/1527\/24661544522_38fd8b34f9_n.jpg\" width=\"320\" height=\"240\" alt=\"Florencia AG 2012\"><\/a><script async src=\"\/\/embedr.flickr.com\/assets\/client-code.js\" charset=\"utf-8\"><\/script><\/p>\n<p><strong>MADRID-SPAIN CE-2012<\/strong><br \/>\n<a data-flickr-embed=\"true\"  href=\"https:\/\/www.flickr.com\/photos\/138094663@N04\/albums\/72157663720751910\" title=\"MADRID-ESPA\u00d1A CE - 2012\"><img loading=\"lazy\" decoding=\"async\" src=\"https:\/\/farm2.staticflickr.com\/1451\/24787948476_3b86d594ee_n.jpg\" width=\"320\" height=\"240\" alt=\"MADRID-ESPA\u00d1A CE - 2012\"><\/a><script async src=\"\/\/embedr.flickr.com\/assets\/client-code.js\" charset=\"utf-8\"><\/script><\/p>\n<p><strong>ROME-ITALY CE 2011<\/strong><br \/>\n<a data-flickr-embed=\"true\"  href=\"https:\/\/www.flickr.com\/photos\/138094663@N04\/albums\/72157663732629640\" title=\"ROMA-ITALIA CE 2011\"><img loading=\"lazy\" decoding=\"async\" src=\"https:\/\/farm2.staticflickr.com\/1716\/24727243601_6987bdd26f_n.jpg\" width=\"320\" height=\"240\" alt=\"ROMA-ITALIA CE 2011\"><\/a><script async src=\"\/\/embedr.flickr.com\/assets\/client-code.js\" charset=\"utf-8\"><\/script><\/p>\n<p><strong>PARIS-FRANCE CE 2011<\/strong><br \/>\n<a data-flickr-embed=\"true\"  href=\"https:\/\/www.flickr.com\/photos\/138094663@N04\/albums\/72157664324881935\" title=\"PARIS-FRANCIA CE 2011\"><img loading=\"lazy\" decoding=\"async\" src=\"https:\/\/farm2.staticflickr.com\/1705\/24193795943_d69290e155_n.jpg\" width=\"320\" height=\"240\" alt=\"PARIS-FRANCIA CE 2011\"><\/a><script async src=\"\/\/embedr.flickr.com\/assets\/client-code.js\" charset=\"utf-8\"><\/script><\/p>\n<p><strong>MEXICO-FEDECMEX 2010<\/strong><br \/>\n<a data-flickr-embed=\"true\"  href=\"https:\/\/www.flickr.com\/photos\/138094663@N04\/albums\/72157664123652292\" title=\"MEXICO- FEDECMEX - 2010\"><img loading=\"lazy\" decoding=\"async\" src=\"https:\/\/farm2.staticflickr.com\/1704\/24192101044_a8353477ec_n.jpg\" width=\"320\" height=\"240\" alt=\"MEXICO- FEDECMEX - 2010\"><\/a><script async src=\"\/\/embedr.flickr.com\/assets\/client-code.js\" charset=\"utf-8\"><\/script><\/p>\n<p><strong>ROME-ITALY CE 2010<\/strong><br \/>\n<a data-flickr-embed=\"true\"  href=\"https:\/\/www.flickr.com\/photos\/138094663@N04\/albums\/72157661972351494\" title=\"ROMA-IRALIA CE 2010\"><img loading=\"lazy\" decoding=\"async\" src=\"https:\/\/farm2.staticflickr.com\/1517\/24726634841_62ca4980f2_n.jpg\" width=\"320\" height=\"240\" alt=\"ROMA-IRALIA CE 2010\"><\/a><script async src=\"\/\/embedr.flickr.com\/assets\/client-code.js\" charset=\"utf-8\"><\/script><\/p>\n<p><strong>STRASBOURG-COUNCIL OF EUROPE-UNAEC-2010<\/strong><br \/>\n<a data-flickr-embed=\"true\"  href=\"https:\/\/www.flickr.com\/photos\/138094663@N04\/albums\/72157663695365940\" title=\"ESTRASBURGO -UNAEC - CONSEJO DE EUROPA 2010\"><img loading=\"lazy\" decoding=\"async\" src=\"https:\/\/farm2.staticflickr.com\/1474\/24685504721_9e7316e897_n.jpg\" width=\"320\" height=\"240\" alt=\"ESTRASBURGO -UNAEC - CONSEJO DE EUROPA 2010\"><\/a><script async src=\"\/\/embedr.flickr.com\/assets\/client-code.js\" charset=\"utf-8\"><\/script><br \/>\n<strong><br \/>\nPARIS-FRANCE CE 2009<\/strong><br \/>\n<a data-flickr-embed=\"true\"  href=\"https:\/\/www.flickr.com\/photos\/138094663@N04\/albums\/72157661974294023\" title=\"PARIS-FRANCIA CE 2009\"><img loading=\"lazy\" decoding=\"async\" src=\"https:\/\/farm2.staticflickr.com\/1666\/24722241941_2a3ae1ed23_n.jpg\" width=\"320\" height=\"240\" alt=\"PARIS-FRANCIA CE 2009\"><\/a><script async src=\"\/\/embedr.flickr.com\/assets\/client-code.js\" charset=\"utf-8\"><\/script><\/p>\n<p><strong>DAKAR-SENEGAL AG 2009<\/strong><br \/>\n<a data-flickr-embed=\"true\"  href=\"https:\/\/www.flickr.com\/photos\/138094663@N04\/albums\/72157661950826664\" title=\"DAKAR-SENEGAL AG 2009\"><img loading=\"lazy\" decoding=\"async\" src=\"https:\/\/farm2.staticflickr.com\/1447\/24706526761_0fa9d2af3c_n.jpg\" width=\"320\" height=\"240\" alt=\"DAKAR-SENEGAL AG 2009\"><\/a><script async src=\"\/\/embedr.flickr.com\/assets\/client-code.js\" charset=\"utf-8\"><\/script><\/p>\n<p><strong>ROME-ITALY 40TH ANNIVERSARY OMAEC 2007<\/strong><br \/>\n<a data-flickr-embed=\"true\"  href=\"https:\/\/www.flickr.com\/photos\/138094663@N04\/albums\/72157664123873382\" title=\"ROMA-ITALIA 40\u00ba ANIVERSARIO OMAEC- 2007\"><img loading=\"lazy\" decoding=\"async\" src=\"https:\/\/farm2.staticflickr.com\/1653\/24794190326_6849e2171f_n.jpg\" width=\"320\" height=\"234\" alt=\"ROMA-ITALIA 40\u00ba ANIVERSARIO OMAEC- 2007\"><\/a><script async src=\"\/\/embedr.flickr.com\/assets\/client-code.js\" charset=\"utf-8\"><\/script><\/p>\n<p><strong>BEIRUT-LEBANON AG 2007<\/strong><br \/>\n<a data-flickr-embed=\"true\"  href=\"https:\/\/www.flickr.com\/photos\/138094663@N04\/albums\/72157663720259570\" title=\"BEIRUT-LIBANO AG- 2007\"><img loading=\"lazy\" decoding=\"async\" src=\"https:\/\/farm2.staticflickr.com\/1668\/24813929675_a1a00a172e_n.jpg\" width=\"320\" height=\"256\" alt=\"BEIRUT-LIBANO AG- 2007\"><\/a><script async src=\"\/\/embedr.flickr.com\/assets\/client-code.js\" charset=\"utf-8\"><\/script><\/p>\n<p><strong>BUENOS AIRES-ARGENTINA CE 2006<\/strong><br \/>\n<a data-flickr-embed=\"true\"  href=\"https:\/\/www.flickr.com\/photos\/138094663@N04\/albums\/72157664155792762\" title=\"BUENOS AIRES-ARGENTINA CE 2006\"><img loading=\"lazy\" decoding=\"async\" src=\"https:\/\/farm2.staticflickr.com\/1542\/24210731594_9f0e6b56fb_n.jpg\" width=\"320\" height=\"240\" alt=\"BUENOS AIRES-ARGENTINA CE 2006\"><\/a><script async src=\"\/\/embedr.flickr.com\/assets\/client-code.js\" charset=\"utf-8\"><\/script><\/p>\n<p><strong>LISBON-PORTUGAL CE 2003<\/strong><br \/>\n<a data-flickr-embed=\"true\"  href=\"https:\/\/www.flickr.com\/photos\/138094663@N04\/albums\/72157664312826535\" title=\"LISBOA-PORTUGAL CE 2003\"><img loading=\"lazy\" decoding=\"async\" src=\"https:\/\/farm2.staticflickr.com\/1506\/24518567080_6a50e8a656_n.jpg\" width=\"320\" height=\"256\" alt=\"LISBOA-PORTUGAL CE 2003\"><\/a><script async src=\"\/\/embedr.flickr.com\/assets\/client-code.js\" charset=\"utf-8\"><\/script><\/p>\n<p><strong>HISTORY OMAEC<\/strong><br \/>\n<a data-flickr-embed=\"true\"  href=\"https:\/\/www.flickr.com\/photos\/138094663@N04\/albums\/72157663695224220\" title=\"HISTORIA OMAEC\"><img loading=\"lazy\" decoding=\"async\" src=\"https:\/\/farm2.staticflickr.com\/1561\/24172360423_305061fd72_n.jpg\" width=\"320\" height=\"253\" alt=\"HISTORIA OMAEC\"><\/a><script async src=\"\/\/embedr.flickr.com\/assets\/client-code.js\" charset=\"utf-8\"><\/script><\/p>\n","protected":false},"excerpt":{"rendered":"<p>Pope FRANCISCO Vaticano 2017 ROME XV Congress OMAEC 2017 MADRID-SPAIN EC 2017 PARIS-FRANCE GA 2016 ROME-ITALY CE 2015 ROME-ITALY CE 2013 STRASBOURG-FRANCE &#8211; UNAEC &#8211; COUNCIL OF EUROPE 2013 PARIS-MADRID RULES COMMITTEE 2013 FLORENCE-ITALY-AG 2012 MADRID-SPAIN CE-2012 ROME-ITALY CE 2011 PARIS-FRANCE CE 2011 MEXICO-FEDECMEX 2010 ROME-ITALY CE 2010 STRASBOURG-COUNCIL OF EUROPE-UNAEC-2010 PARIS-FRANCE CE 2009 DAKAR-SENEGAL <a href=\"https:\/\/www.omaec.org\/en\/fotos\/\" rel=\"nofollow\">(more&#8230;)<\/a><\/p>\n","protected":false},"author":1,"featured_media":0,"parent":0,"menu_order":0,"comment_status":"closed","ping_status":"closed","template":"","meta":{"footnotes":""},"class_list":["post-383","page","type-page","status-publish","hentry"],"acf":[],"yoast_head":"<!-- This site is optimized with the Yoast SEO plugin v20.11 - https:\/\/yoast.com\/wordpress\/plugins\/seo\/ -->\n<title>Photo Gallery - Organizaci\u00f3n Mundial de Antiguos Alumnos de la Educaci\u00f3n Cat\u00f3lica<\/title>\n<meta name=\"robots\" content=\"index, follow, max-snippet:-1, max-image-preview:large, max-video-preview:-1\" \/>\n<link rel=\"canonical\" href=\"https:\/\/www.omaec.org\/en\/fotos\/\" \/>\n<meta property=\"og:locale\" content=\"en_US\" \/>\n<meta property=\"og:type\" content=\"article\" \/>\n<meta property=\"og:title\" content=\"Photo Gallery - Organizaci\u00f3n Mundial de Antiguos Alumnos de la Educaci\u00f3n Cat\u00f3lica\" \/>\n<meta property=\"og:description\" content=\"Pope FRANCISCO Vaticano 2017 ROME XV Congress OMAEC 2017 MADRID-SPAIN EC 2017 PARIS-FRANCE GA 2016 ROME-ITALY CE 2015 ROME-ITALY CE 2013 STRASBOURG-FRANCE &#8211; UNAEC &#8211; COUNCIL OF EUROPE 2013 PARIS-MADRID RULES COMMITTEE 2013 FLORENCE-ITALY-AG 2012 MADRID-SPAIN CE-2012 ROME-ITALY CE 2011 PARIS-FRANCE CE 2011 MEXICO-FEDECMEX 2010 ROME-ITALY CE 2010 STRASBOURG-COUNCIL OF EUROPE-UNAEC-2010 PARIS-FRANCE CE 2009 DAKAR-SENEGAL (more...)\" \/>\n<meta property=\"og:url\" content=\"https:\/\/www.omaec.org\/en\/fotos\/\" \/>\n<meta property=\"og:site_name\" content=\"Organizaci\u00f3n Mundial de Antiguos Alumnos de la Educaci\u00f3n Cat\u00f3lica\" \/>\n<meta property=\"article:modified_time\" content=\"2017-11-01T23:22:28+00:00\" \/>\n<meta property=\"og:image\" content=\"http:\/\/omaec.org\/wp-content\/uploads\/2015\/11\/cursos-mooc-gratuitos-online-musica-fotografia--300x188.jpg\" \/>\n<meta name=\"twitter:card\" content=\"summary_large_image\" \/>\n<script type=\"application\/ld+json\" class=\"yoast-schema-graph\">{\"@context\":\"https:\/\/schema.org\",\"@graph\":[{\"@type\":\"WebPage\",\"@id\":\"https:\/\/www.omaec.org\/en\/fotos\/\",\"url\":\"https:\/\/www.omaec.org\/en\/fotos\/\",\"name\":\"Photo Gallery - Organizaci\u00f3n Mundial de Antiguos Alumnos de la Educaci\u00f3n Cat\u00f3lica\",\"isPartOf\":{\"@id\":\"https:\/\/www.omaec.org\/#website\"},\"datePublished\":\"2015-11-20T09:49:11+00:00\",\"dateModified\":\"2017-11-01T23:22:28+00:00\",\"breadcrumb\":{\"@id\":\"https:\/\/www.omaec.org\/en\/fotos\/#breadcrumb\"},\"inLanguage\":\"en-US\",\"potentialAction\":[{\"@type\":\"ReadAction\",\"target\":[\"https:\/\/www.omaec.org\/en\/fotos\/\"]}]},{\"@type\":\"BreadcrumbList\",\"@id\":\"https:\/\/www.omaec.org\/en\/fotos\/#breadcrumb\",\"itemListElement\":[{\"@type\":\"ListItem\",\"position\":1,\"name\":\"Portada\",\"item\":\"https:\/\/www.omaec.org\/en\/\"},{\"@type\":\"ListItem\",\"position\":2,\"name\":\"Photo Gallery\"}]},{\"@type\":\"WebSite\",\"@id\":\"https:\/\/www.omaec.org\/#website\",\"url\":\"https:\/\/www.omaec.org\/\",\"name\":\"Organizaci\u00f3n Mundial de Antiguos Alumnos de la Educaci\u00f3n Cat\u00f3lica\",\"description\":\"OMAEC\",\"publisher\":{\"@id\":\"https:\/\/www.omaec.org\/#organization\"},\"potentialAction\":[{\"@type\":\"SearchAction\",\"target\":{\"@type\":\"EntryPoint\",\"urlTemplate\":\"https:\/\/www.omaec.org\/?s={search_term_string}\"},\"query-input\":\"required name=search_term_string\"}],\"inLanguage\":\"en-US\"},{\"@type\":\"Organization\",\"@id\":\"https:\/\/www.omaec.org\/#organization\",\"name\":\"Organizaci\u00f3n Mundial de Antiguos Alumnos de la Educaci\u00f3n Cat\u00f3lica\",\"url\":\"https:\/\/www.omaec.org\/\",\"logo\":{\"@type\":\"ImageObject\",\"inLanguage\":\"en-US\",\"@id\":\"https:\/\/www.omaec.org\/#\/schema\/logo\/image\/\",\"url\":\"https:\/\/www.omaec.org\/wp-content\/uploads\/2021\/06\/OMAEC-LOGO-OFICIAL.jpg\",\"contentUrl\":\"https:\/\/www.omaec.org\/wp-content\/uploads\/2021\/06\/OMAEC-LOGO-OFICIAL.jpg\",\"width\":525,\"height\":452,\"caption\":\"Organizaci\u00f3n Mundial de Antiguos  Alumnos de la Educaci\u00f3n Cat\u00f3lica\"},\"image\":{\"@id\":\"https:\/\/www.omaec.org\/#\/schema\/logo\/image\/\"}}]}<\/script>\n<!-- \/ Yoast SEO plugin. -->","yoast_head_json":{"title":"Photo Gallery - Organizaci\u00f3n Mundial de Antiguos Alumnos de la Educaci\u00f3n Cat\u00f3lica","robots":{"index":"index","follow":"follow","max-snippet":"max-snippet:-1","max-image-preview":"max-image-preview:large","max-video-preview":"max-video-preview:-1"},"canonical":"https:\/\/www.omaec.org\/en\/fotos\/","og_locale":"en_US","og_type":"article","og_title":"Photo Gallery - Organizaci\u00f3n Mundial de Antiguos Alumnos de la Educaci\u00f3n Cat\u00f3lica","og_description":"Pope FRANCISCO Vaticano 2017 ROME XV Congress OMAEC 2017 MADRID-SPAIN EC 2017 PARIS-FRANCE GA 2016 ROME-ITALY CE 2015 ROME-ITALY CE 2013 STRASBOURG-FRANCE &#8211; UNAEC &#8211; COUNCIL OF EUROPE 2013 PARIS-MADRID RULES COMMITTEE 2013 FLORENCE-ITALY-AG 2012 MADRID-SPAIN CE-2012 ROME-ITALY CE 2011 PARIS-FRANCE CE 2011 MEXICO-FEDECMEX 2010 ROME-ITALY CE 2010 STRASBOURG-COUNCIL OF EUROPE-UNAEC-2010 PARIS-FRANCE CE 2009 DAKAR-SENEGAL (more...)","og_url":"https:\/\/www.omaec.org\/en\/fotos\/","og_site_name":"Organizaci\u00f3n Mundial de Antiguos Alumnos de la Educaci\u00f3n Cat\u00f3lica","article_modified_time":"2017-11-01T23:22:28+00:00","og_image":[{"url":"http:\/\/omaec.org\/wp-content\/uploads\/2015\/11\/cursos-mooc-gratuitos-online-musica-fotografia--300x188.jpg"}],"twitter_card":"summary_large_image","schema":{"@context":"https:\/\/schema.org","@graph":[{"@type":"WebPage","@id":"https:\/\/www.omaec.org\/en\/fotos\/","url":"https:\/\/www.omaec.org\/en\/fotos\/","name":"Photo Gallery - Organizaci\u00f3n Mundial de Antiguos Alumnos de la Educaci\u00f3n Cat\u00f3lica","isPartOf":{"@id":"https:\/\/www.omaec.org\/#website"},"datePublished":"2015-11-20T09:49:11+00:00","dateModified":"2017-11-01T23:22:28+00:00","breadcrumb":{"@id":"https:\/\/www.omaec.org\/en\/fotos\/#breadcrumb"},"inLanguage":"en-US","potentialAction":[{"@type":"ReadAction","target":["https:\/\/www.omaec.org\/en\/fotos\/"]}]},{"@type":"BreadcrumbList","@id":"https:\/\/www.omaec.org\/en\/fotos\/#breadcrumb","itemListElement":[{"@type":"ListItem","position":1,"name":"Portada","item":"https:\/\/www.omaec.org\/en\/"},{"@type":"ListItem","position":2,"name":"Photo Gallery"}]},{"@type":"WebSite","@id":"https:\/\/www.omaec.org\/#website","url":"https:\/\/www.omaec.org\/","name":"Organizaci\u00f3n Mundial de Antiguos Alumnos de la Educaci\u00f3n Cat\u00f3lica","description":"OMAEC","publisher":{"@id":"https:\/\/www.omaec.org\/#organization"},"potentialAction":[{"@type":"SearchAction","target":{"@type":"EntryPoint","urlTemplate":"https:\/\/www.omaec.org\/?s={search_term_string}"},"query-input":"required name=search_term_string"}],"inLanguage":"en-US"},{"@type":"Organization","@id":"https:\/\/www.omaec.org\/#organization","name":"Organizaci\u00f3n Mundial de Antiguos Alumnos de la Educaci\u00f3n Cat\u00f3lica","url":"https:\/\/www.omaec.org\/","logo":{"@type":"ImageObject","inLanguage":"en-US","@id":"https:\/\/www.omaec.org\/#\/schema\/logo\/image\/","url":"https:\/\/www.omaec.org\/wp-content\/uploads\/2021\/06\/OMAEC-LOGO-OFICIAL.jpg","contentUrl":"https:\/\/www.omaec.org\/wp-content\/uploads\/2021\/06\/OMAEC-LOGO-OFICIAL.jpg","width":525,"height":452,"caption":"Organizaci\u00f3n Mundial de Antiguos  Alumnos de la Educaci\u00f3n Cat\u00f3lica"},"image":{"@id":"https:\/\/www.omaec.org\/#\/schema\/logo\/image\/"}}]}},"_links":{"self":[{"href":"https:\/\/www.omaec.org\/en\/wp-json\/wp\/v2\/pages\/383","targetHints":{"allow":["GET"]}}],"collection":[{"href":"https:\/\/www.omaec.org\/en\/wp-json\/wp\/v2\/pages"}],"about":[{"href":"https:\/\/www.omaec.org\/en\/wp-json\/wp\/v2\/types\/page"}],"author":[{"embeddable":true,"href":"https:\/\/www.omaec.org\/en\/wp-json\/wp\/v2\/users\/1"}],"replies":[{"embeddable":true,"href":"https:\/\/www.omaec.org\/en\/wp-json\/wp\/v2\/comments?post=383"}],"version-history":[{"count":5,"href":"https:\/\/www.omaec.org\/en\/wp-json\/wp\/v2\/pages\/383\/revisions"}],"predecessor-version":[{"id":3379,"href":"https:\/\/www.omaec.org\/en\/wp-json\/wp\/v2\/pages\/383\/revisions\/3379"}],"wp:attachment":[{"href":"https:\/\/www.omaec.org\/en\/wp-json\/wp\/v2\/media?parent=383"}],"curies":[{"name":"wp","href":"https:\/\/api.w.org\/{rel}","templated":true}]}}