{"id":20001,"date":"2023-02-10T02:11:40","date_gmt":"2023-02-10T01:11:40","guid":{"rendered":"https:\/\/www.omaec.org\/?page_id=20001"},"modified":"2023-12-02T07:59:10","modified_gmt":"2023-12-02T06:59:10","slug":"elementor-20001","status":"publish","type":"page","link":"https:\/\/www.omaec.org\/en\/elementor-20001\/","title":{"rendered":"Elementor #20001"},"content":{"rendered":"\t\t<div data-elementor-type=\"wp-page\" data-elementor-id=\"20001\" class=\"elementor elementor-20001 elementor-11352\" data-elementor-post-type=\"page\">\n\t\t\t\t\t\t\t\t\t<section class=\"elementor-section elementor-top-section elementor-element elementor-element-551deb8e elementor-section-boxed elementor-section-height-default elementor-section-height-default\" data-id=\"551deb8e\" data-element_type=\"section\">\n\t\t\t\t\t\t<div class=\"elementor-container elementor-column-gap-no\">\n\t\t\t\t\t<div class=\"elementor-column elementor-col-100 elementor-top-column elementor-element elementor-element-1139c677\" data-id=\"1139c677\" data-element_type=\"column\">\n\t\t\t<div class=\"elementor-widget-wrap elementor-element-populated\">\n\t\t\t\t\t\t\t\t<div class=\"elementor-element elementor-element-625d1495 elementor-align-left elementor-widget elementor-widget-breadcrumbs\" data-id=\"625d1495\" data-element_type=\"widget\" data-widget_type=\"breadcrumbs.default\">\n\t\t\t\t<div class=\"elementor-widget-container\">\n\t\t\t<p id=\"breadcrumbs\"><span><span><a href=\"https:\/\/www.omaec.org\/en\/\">Portada<\/a><\/span><\/span><\/p>\t\t<\/div>\n\t\t\t\t<\/div>\n\t\t\t\t\t<\/div>\n\t\t<\/div>\n\t\t\t\t\t\t\t<\/div>\n\t\t<\/section>\n\t\t\t\t<section class=\"elementor-section elementor-top-section elementor-element elementor-element-3b58668d elementor-section-boxed elementor-section-height-default elementor-section-height-default\" data-id=\"3b58668d\" data-element_type=\"section\" data-settings=\"{&quot;background_background&quot;:&quot;classic&quot;}\">\n\t\t\t\t\t\t\t<div class=\"elementor-background-overlay\"><\/div>\n\t\t\t\t\t\t\t<div class=\"elementor-container elementor-column-gap-no\">\n\t\t\t\t\t<div class=\"elementor-column elementor-col-100 elementor-top-column elementor-element elementor-element-211cbd2e\" data-id=\"211cbd2e\" data-element_type=\"column\">\n\t\t\t<div class=\"elementor-widget-wrap elementor-element-populated\">\n\t\t\t\t\t\t\t\t<div class=\"elementor-element elementor-element-4bc5ce30 elementor-widget elementor-widget-heading\" data-id=\"4bc5ce30\" data-element_type=\"widget\" data-widget_type=\"heading.default\">\n\t\t\t\t<div class=\"elementor-widget-container\">\n\t\t\t<h1 class=\"elementor-heading-title elementor-size-default\">Permanent Training Secretariat<\/h1>\t\t<\/div>\n\t\t\t\t<\/div>\n\t\t\t\t<div class=\"elementor-element elementor-element-6903bcd3 elementor-widget elementor-widget-heading\" data-id=\"6903bcd3\" data-element_type=\"widget\" data-widget_type=\"heading.default\">\n\t\t\t\t<div class=\"elementor-widget-container\">\n\t\t\t<h3 class=\"elementor-heading-title elementor-size-default\">Promote the ongoing formation of member organizations, correspondents and former students of Catholic education.<\/h3>\t\t<\/div>\n\t\t\t\t<\/div>\n\t\t\t\t<div class=\"elementor-element elementor-element-2e5c244a elementor-grid-tablet-3 elementor-grid-3 elementor-grid-mobile-1 elementor-posts--thumbnail-top elementor-widget elementor-widget-posts\" data-id=\"2e5c244a\" data-element_type=\"widget\" data-settings=\"{&quot;classic_row_gap&quot;:{&quot;unit&quot;:&quot;px&quot;,&quot;size&quot;:0,&quot;sizes&quot;:[]},&quot;classic_columns_tablet&quot;:&quot;3&quot;,&quot;classic_row_gap_mobile&quot;:{&quot;unit&quot;:&quot;px&quot;,&quot;size&quot;:19,&quot;sizes&quot;:[]},&quot;classic_columns&quot;:&quot;3&quot;,&quot;classic_columns_mobile&quot;:&quot;1&quot;,&quot;classic_row_gap_tablet&quot;:{&quot;unit&quot;:&quot;px&quot;,&quot;size&quot;:&quot;&quot;,&quot;sizes&quot;:[]}}\" data-widget_type=\"posts.classic\">\n\t\t\t\t<div class=\"elementor-widget-container\">\n\t\t\t\t\t<div class=\"elementor-posts-container elementor-posts elementor-posts--skin-classic elementor-grid\">\n\t\t\t\t<article class=\"elementor-post elementor-grid-item post-21391 post type-post status-publish format-standard has-post-thumbnail hentry category-comunicados-en category-messages category-sin-categoria-en\">\n\t\t\t\t<a class=\"elementor-post__thumbnail__link\" href=\"https:\/\/www.omaec.org\/en\/easter-greetings\/\" >\n\t\t\t<div class=\"elementor-post__thumbnail\"><img loading=\"lazy\" decoding=\"async\" width=\"300\" height=\"300\" src=\"https:\/\/www.omaec.org\/wp-content\/uploads\/2026\/04\/SALUDO-PASCUAL-300x300.png\" class=\"attachment-medium size-medium wp-image-21382\" alt=\"\" srcset=\"https:\/\/www.omaec.org\/wp-content\/uploads\/2026\/04\/SALUDO-PASCUAL-300x300.png 300w, https:\/\/www.omaec.org\/wp-content\/uploads\/2026\/04\/SALUDO-PASCUAL-1024x1024.png 1024w, https:\/\/www.omaec.org\/wp-content\/uploads\/2026\/04\/SALUDO-PASCUAL-150x150.png 150w, https:\/\/www.omaec.org\/wp-content\/uploads\/2026\/04\/SALUDO-PASCUAL-768x768.png 768w, https:\/\/www.omaec.org\/wp-content\/uploads\/2026\/04\/SALUDO-PASCUAL-80x80.png 80w, https:\/\/www.omaec.org\/wp-content\/uploads\/2026\/04\/SALUDO-PASCUAL-24x24.png 24w, https:\/\/www.omaec.org\/wp-content\/uploads\/2026\/04\/SALUDO-PASCUAL-48x48.png 48w, https:\/\/www.omaec.org\/wp-content\/uploads\/2026\/04\/SALUDO-PASCUAL-96x96.png 96w, https:\/\/www.omaec.org\/wp-content\/uploads\/2026\/04\/SALUDO-PASCUAL.png 1080w\" sizes=\"auto, (max-width: 300px) 100vw, 300px\" \/><\/div>\n\t\t<\/a>\n\t\t\t\t<div class=\"elementor-post__text\">\n\t\t\t\t<h3 class=\"elementor-post__title\">\n\t\t\t<a href=\"https:\/\/www.omaec.org\/en\/easter-greetings\/\" >\n\t\t\t\tEASTER GREETINGS\t\t\t<\/a>\n\t\t<\/h3>\n\t\t\t\t<div class=\"elementor-post__meta-data\">\n\t\t\t\t\t<span class=\"elementor-post-date\">\n\t\t\t5 April, 2026\t\t<\/span>\n\t\t\t\t<span class=\"elementor-post-avatar\">\n\t\t\tNo Comments\t\t<\/span>\n\t\t\t\t<\/div>\n\t\t\t\t<div class=\"elementor-post__excerpt\">\n\t\t\t<p>\u00a1He Lord has risen, and we rejoice! May the ineffable joy of the Lord&#8217;s resurrection overflow our hearts and transcend all social barriers so that<\/p>\n\t\t<\/div>\n\t\t\n\t\t<a class=\"elementor-post__read-more\" href=\"https:\/\/www.omaec.org\/en\/easter-greetings\/\" aria-label=\"Read more about EASTER GREETINGS\" >\n\t\t\tLeer m\u00e1s \u00bb\t\t<\/a>\n\n\t\t\t\t<\/div>\n\t\t\t\t<\/article>\n\t\t\t\t<article class=\"elementor-post elementor-grid-item post-21356 post type-post status-publish format-standard has-post-thumbnail hentry category-members-en\">\n\t\t\t\t<a class=\"elementor-post__thumbnail__link\" href=\"https:\/\/www.omaec.org\/en\/iii-continuing-education-podcast\/\" >\n\t\t\t<div class=\"elementor-post__thumbnail\"><img loading=\"lazy\" decoding=\"async\" width=\"232\" height=\"300\" src=\"https:\/\/www.omaec.org\/wp-content\/uploads\/2026\/03\/III-PODCAST-DE-FORMACION-PERMANENTE-MARZO-18-2026-232x300.png\" class=\"attachment-medium size-medium wp-image-21349\" alt=\"\" srcset=\"https:\/\/www.omaec.org\/wp-content\/uploads\/2026\/03\/III-PODCAST-DE-FORMACION-PERMANENTE-MARZO-18-2026-232x300.png 232w, https:\/\/www.omaec.org\/wp-content\/uploads\/2026\/03\/III-PODCAST-DE-FORMACION-PERMANENTE-MARZO-18-2026-791x1024.png 791w, https:\/\/www.omaec.org\/wp-content\/uploads\/2026\/03\/III-PODCAST-DE-FORMACION-PERMANENTE-MARZO-18-2026-768x994.png 768w, https:\/\/www.omaec.org\/wp-content\/uploads\/2026\/03\/III-PODCAST-DE-FORMACION-PERMANENTE-MARZO-18-2026-1187x1536.png 1187w, https:\/\/www.omaec.org\/wp-content\/uploads\/2026\/03\/III-PODCAST-DE-FORMACION-PERMANENTE-MARZO-18-2026-1583x2048.png 1583w, https:\/\/www.omaec.org\/wp-content\/uploads\/2026\/03\/III-PODCAST-DE-FORMACION-PERMANENTE-MARZO-18-2026-927x1200.png 927w, https:\/\/www.omaec.org\/wp-content\/uploads\/2026\/03\/III-PODCAST-DE-FORMACION-PERMANENTE-MARZO-18-2026.png 1700w\" sizes=\"auto, (max-width: 232px) 100vw, 232px\" \/><\/div>\n\t\t<\/a>\n\t\t\t\t<div class=\"elementor-post__text\">\n\t\t\t\t<h3 class=\"elementor-post__title\">\n\t\t\t<a href=\"https:\/\/www.omaec.org\/en\/iii-continuing-education-podcast\/\" >\n\t\t\t\tIII CONTINUING EDUCATION PODCAST\t\t\t<\/a>\n\t\t<\/h3>\n\t\t\t\t<div class=\"elementor-post__meta-data\">\n\t\t\t\t\t<span class=\"elementor-post-date\">\n\t\t\t29 March, 2026\t\t<\/span>\n\t\t\t\t<span class=\"elementor-post-avatar\">\n\t\t\tNo Comments\t\t<\/span>\n\t\t\t\t<\/div>\n\t\t\t\t<div class=\"elementor-post__excerpt\">\n\t\t\t<p>Alexander Silva Le\u00f3n, Director of the Continuing Education Department of OMAEC, sends his warmest greetings and is delighted to share the III Continuing Education Podcast.<\/p>\n\t\t<\/div>\n\t\t\n\t\t<a class=\"elementor-post__read-more\" href=\"https:\/\/www.omaec.org\/en\/iii-continuing-education-podcast\/\" aria-label=\"Read more about III CONTINUING EDUCATION PODCAST\" >\n\t\t\tLeer m\u00e1s \u00bb\t\t<\/a>\n\n\t\t\t\t<\/div>\n\t\t\t\t<\/article>\n\t\t\t\t<article class=\"elementor-post elementor-grid-item post-21345 post type-post status-publish format-standard has-post-thumbnail hentry category-sin-categoria-en\">\n\t\t\t\t<a class=\"elementor-post__thumbnail__link\" href=\"https:\/\/www.omaec.org\/en\/interview-with-the-world-president-of-omaec\/\" >\n\t\t\t<div class=\"elementor-post__thumbnail\"><img loading=\"lazy\" decoding=\"async\" width=\"300\" height=\"169\" src=\"https:\/\/www.omaec.org\/wp-content\/uploads\/2026\/03\/ENTREVISTA-ALFONSO-GIRALDO-300x169.png\" class=\"attachment-medium size-medium wp-image-21337\" alt=\"\" srcset=\"https:\/\/www.omaec.org\/wp-content\/uploads\/2026\/03\/ENTREVISTA-ALFONSO-GIRALDO-300x169.png 300w, https:\/\/www.omaec.org\/wp-content\/uploads\/2026\/03\/ENTREVISTA-ALFONSO-GIRALDO.png 589w\" sizes=\"auto, (max-width: 300px) 100vw, 300px\" \/><\/div>\n\t\t<\/a>\n\t\t\t\t<div class=\"elementor-post__text\">\n\t\t\t\t<h3 class=\"elementor-post__title\">\n\t\t\t<a href=\"https:\/\/www.omaec.org\/en\/interview-with-the-world-president-of-omaec\/\" >\n\t\t\t\tINTERVIEW WITH THE WORLD PRESIDENT OF OMAEC\t\t\t<\/a>\n\t\t<\/h3>\n\t\t\t\t<div class=\"elementor-post__meta-data\">\n\t\t\t\t\t<span class=\"elementor-post-date\">\n\t\t\t29 March, 2026\t\t<\/span>\n\t\t\t\t<span class=\"elementor-post-avatar\">\n\t\t\tNo Comments\t\t<\/span>\n\t\t\t\t<\/div>\n\t\t\t\t<div class=\"elementor-post__excerpt\">\n\t\t\t<p>The Director of the program &#8220;Lasallians in the World,&#8221; Geovanny Duffer, interviewed the President of OMAEC, Alfonso Giraldo Saavedra, to learn about the Organization of<\/p>\n\t\t<\/div>\n\t\t\n\t\t<a class=\"elementor-post__read-more\" href=\"https:\/\/www.omaec.org\/en\/interview-with-the-world-president-of-omaec\/\" aria-label=\"Read more about INTERVIEW WITH THE WORLD PRESIDENT OF OMAEC\" >\n\t\t\tLeer m\u00e1s \u00bb\t\t<\/a>\n\n\t\t\t\t<\/div>\n\t\t\t\t<\/article>\n\t\t\t\t<\/div>\n\t\t\n\t\t\t\t<div class=\"e-load-more-anchor\" data-page=\"1\" data-max-page=\"79\" data-next-page=\"https:\/\/www.omaec.org\/en\/wp-json\/wp\/v2\/pages\/20001\/page\/2\/\"><\/div>\n\t\t\t\t<nav class=\"elementor-pagination\" aria-label=\"Pagination\">\n\t\t\t<span class=\"page-numbers prev\">&laquo; Previous<\/span>\n<a class=\"page-numbers next\" href=\"https:\/\/www.omaec.org\/en\/wp-json\/wp\/v2\/pages\/20001\/page\/2\/\">Next &raquo;<\/a>\t\t<\/nav>\n\t\t\t\t<\/div>\n\t\t\t\t<\/div>\n\t\t\t\t\t<\/div>\n\t\t<\/div>\n\t\t\t\t\t\t\t<\/div>\n\t\t<\/section>\n\t\t\t\t\t\t\t<\/div>\n\t\t","protected":false},"excerpt":{"rendered":"<p>Permanent Training Secretariat Promote the ongoing formation of member organizations, correspondents and former students of Catholic education.<\/p>\n","protected":false},"author":1,"featured_media":0,"parent":0,"menu_order":0,"comment_status":"closed","ping_status":"closed","template":"elementor_header_footer","meta":{"footnotes":""},"class_list":["post-20001","page","type-page","status-publish","hentry"],"acf":[],"yoast_head":"<!-- This site is optimized with the Yoast SEO plugin v20.11 - https:\/\/yoast.com\/wordpress\/plugins\/seo\/ -->\n<title>Elementor #20001 - Organizaci\u00f3n Mundial de Antiguos Alumnos de la Educaci\u00f3n Cat\u00f3lica<\/title>\n<meta name=\"robots\" content=\"index, follow, max-snippet:-1, max-image-preview:large, max-video-preview:-1\" \/>\n<link rel=\"canonical\" href=\"https:\/\/www.omaec.org\/secretariado-de-formacion-permanente-2\/\" \/>\n<meta property=\"og:locale\" content=\"en_US\" \/>\n<meta property=\"og:type\" content=\"article\" \/>\n<meta property=\"og:title\" content=\"Elementor #20001 - Organizaci\u00f3n Mundial de Antiguos Alumnos de la Educaci\u00f3n Cat\u00f3lica\" \/>\n<meta property=\"og:description\" content=\"Permanent Training Secretariat Promote the ongoing formation of member organizations, correspondents and former students of Catholic education.\" \/>\n<meta property=\"og:url\" content=\"https:\/\/www.omaec.org\/secretariado-de-formacion-permanente-2\/\" \/>\n<meta property=\"og:site_name\" content=\"Organizaci\u00f3n Mundial de Antiguos Alumnos de la Educaci\u00f3n Cat\u00f3lica\" \/>\n<meta property=\"article:modified_time\" content=\"2023-12-02T06:59:10+00:00\" \/>\n<meta name=\"twitter:card\" content=\"summary_large_image\" \/>\n<meta name=\"twitter:label1\" content=\"Est. reading time\" \/>\n\t<meta name=\"twitter:data1\" content=\"1 minute\" \/>\n<script type=\"application\/ld+json\" class=\"yoast-schema-graph\">{\"@context\":\"https:\/\/schema.org\",\"@graph\":[{\"@type\":\"WebPage\",\"@id\":\"https:\/\/www.omaec.org\/secretariado-de-formacion-permanente-2\/\",\"url\":\"https:\/\/www.omaec.org\/secretariado-de-formacion-permanente-2\/\",\"name\":\"Elementor #20001 - Organizaci\u00f3n Mundial de Antiguos Alumnos de la Educaci\u00f3n Cat\u00f3lica\",\"isPartOf\":{\"@id\":\"https:\/\/www.omaec.org\/#website\"},\"datePublished\":\"2023-02-10T01:11:40+00:00\",\"dateModified\":\"2023-12-02T06:59:10+00:00\",\"breadcrumb\":{\"@id\":\"https:\/\/www.omaec.org\/secretariado-de-formacion-permanente-2\/#breadcrumb\"},\"inLanguage\":\"en-US\",\"potentialAction\":[{\"@type\":\"ReadAction\",\"target\":[\"https:\/\/www.omaec.org\/secretariado-de-formacion-permanente-2\/\"]}]},{\"@type\":\"BreadcrumbList\",\"@id\":\"https:\/\/www.omaec.org\/secretariado-de-formacion-permanente-2\/#breadcrumb\",\"itemListElement\":[{\"@type\":\"ListItem\",\"position\":1,\"name\":\"Portada\",\"item\":\"https:\/\/www.omaec.org\/en\/\"},{\"@type\":\"ListItem\",\"position\":2,\"name\":\"Elementor #20001\"}]},{\"@type\":\"WebSite\",\"@id\":\"https:\/\/www.omaec.org\/#website\",\"url\":\"https:\/\/www.omaec.org\/\",\"name\":\"Organizaci\u00f3n Mundial de Antiguos Alumnos de la Educaci\u00f3n Cat\u00f3lica\",\"description\":\"OMAEC\",\"publisher\":{\"@id\":\"https:\/\/www.omaec.org\/#organization\"},\"potentialAction\":[{\"@type\":\"SearchAction\",\"target\":{\"@type\":\"EntryPoint\",\"urlTemplate\":\"https:\/\/www.omaec.org\/?s={search_term_string}\"},\"query-input\":\"required name=search_term_string\"}],\"inLanguage\":\"en-US\"},{\"@type\":\"Organization\",\"@id\":\"https:\/\/www.omaec.org\/#organization\",\"name\":\"Organizaci\u00f3n Mundial de Antiguos Alumnos de la Educaci\u00f3n Cat\u00f3lica\",\"url\":\"https:\/\/www.omaec.org\/\",\"logo\":{\"@type\":\"ImageObject\",\"inLanguage\":\"en-US\",\"@id\":\"https:\/\/www.omaec.org\/#\/schema\/logo\/image\/\",\"url\":\"https:\/\/www.omaec.org\/wp-content\/uploads\/2021\/06\/OMAEC-LOGO-OFICIAL.jpg\",\"contentUrl\":\"https:\/\/www.omaec.org\/wp-content\/uploads\/2021\/06\/OMAEC-LOGO-OFICIAL.jpg\",\"width\":525,\"height\":452,\"caption\":\"Organizaci\u00f3n Mundial de Antiguos  Alumnos de la Educaci\u00f3n Cat\u00f3lica\"},\"image\":{\"@id\":\"https:\/\/www.omaec.org\/#\/schema\/logo\/image\/\"}}]}<\/script>\n<!-- \/ Yoast SEO plugin. -->","yoast_head_json":{"title":"Elementor #20001 - Organizaci\u00f3n Mundial de Antiguos Alumnos de la Educaci\u00f3n Cat\u00f3lica","robots":{"index":"index","follow":"follow","max-snippet":"max-snippet:-1","max-image-preview":"max-image-preview:large","max-video-preview":"max-video-preview:-1"},"canonical":"https:\/\/www.omaec.org\/secretariado-de-formacion-permanente-2\/","og_locale":"en_US","og_type":"article","og_title":"Elementor #20001 - Organizaci\u00f3n Mundial de Antiguos Alumnos de la Educaci\u00f3n Cat\u00f3lica","og_description":"Permanent Training Secretariat Promote the ongoing formation of member organizations, correspondents and former students of Catholic education.","og_url":"https:\/\/www.omaec.org\/secretariado-de-formacion-permanente-2\/","og_site_name":"Organizaci\u00f3n Mundial de Antiguos Alumnos de la Educaci\u00f3n Cat\u00f3lica","article_modified_time":"2023-12-02T06:59:10+00:00","twitter_card":"summary_large_image","twitter_misc":{"Est. reading time":"1 minute"},"schema":{"@context":"https:\/\/schema.org","@graph":[{"@type":"WebPage","@id":"https:\/\/www.omaec.org\/secretariado-de-formacion-permanente-2\/","url":"https:\/\/www.omaec.org\/secretariado-de-formacion-permanente-2\/","name":"Elementor #20001 - Organizaci\u00f3n Mundial de Antiguos Alumnos de la Educaci\u00f3n Cat\u00f3lica","isPartOf":{"@id":"https:\/\/www.omaec.org\/#website"},"datePublished":"2023-02-10T01:11:40+00:00","dateModified":"2023-12-02T06:59:10+00:00","breadcrumb":{"@id":"https:\/\/www.omaec.org\/secretariado-de-formacion-permanente-2\/#breadcrumb"},"inLanguage":"en-US","potentialAction":[{"@type":"ReadAction","target":["https:\/\/www.omaec.org\/secretariado-de-formacion-permanente-2\/"]}]},{"@type":"BreadcrumbList","@id":"https:\/\/www.omaec.org\/secretariado-de-formacion-permanente-2\/#breadcrumb","itemListElement":[{"@type":"ListItem","position":1,"name":"Portada","item":"https:\/\/www.omaec.org\/en\/"},{"@type":"ListItem","position":2,"name":"Elementor #20001"}]},{"@type":"WebSite","@id":"https:\/\/www.omaec.org\/#website","url":"https:\/\/www.omaec.org\/","name":"Organizaci\u00f3n Mundial de Antiguos Alumnos de la Educaci\u00f3n Cat\u00f3lica","description":"OMAEC","publisher":{"@id":"https:\/\/www.omaec.org\/#organization"},"potentialAction":[{"@type":"SearchAction","target":{"@type":"EntryPoint","urlTemplate":"https:\/\/www.omaec.org\/?s={search_term_string}"},"query-input":"required name=search_term_string"}],"inLanguage":"en-US"},{"@type":"Organization","@id":"https:\/\/www.omaec.org\/#organization","name":"Organizaci\u00f3n Mundial de Antiguos Alumnos de la Educaci\u00f3n Cat\u00f3lica","url":"https:\/\/www.omaec.org\/","logo":{"@type":"ImageObject","inLanguage":"en-US","@id":"https:\/\/www.omaec.org\/#\/schema\/logo\/image\/","url":"https:\/\/www.omaec.org\/wp-content\/uploads\/2021\/06\/OMAEC-LOGO-OFICIAL.jpg","contentUrl":"https:\/\/www.omaec.org\/wp-content\/uploads\/2021\/06\/OMAEC-LOGO-OFICIAL.jpg","width":525,"height":452,"caption":"Organizaci\u00f3n Mundial de Antiguos  Alumnos de la Educaci\u00f3n Cat\u00f3lica"},"image":{"@id":"https:\/\/www.omaec.org\/#\/schema\/logo\/image\/"}}]}},"_links":{"self":[{"href":"https:\/\/www.omaec.org\/en\/wp-json\/wp\/v2\/pages\/20001","targetHints":{"allow":["GET"]}}],"collection":[{"href":"https:\/\/www.omaec.org\/en\/wp-json\/wp\/v2\/pages"}],"about":[{"href":"https:\/\/www.omaec.org\/en\/wp-json\/wp\/v2\/types\/page"}],"author":[{"embeddable":true,"href":"https:\/\/www.omaec.org\/en\/wp-json\/wp\/v2\/users\/1"}],"replies":[{"embeddable":true,"href":"https:\/\/www.omaec.org\/en\/wp-json\/wp\/v2\/comments?post=20001"}],"version-history":[{"count":9,"href":"https:\/\/www.omaec.org\/en\/wp-json\/wp\/v2\/pages\/20001\/revisions"}],"predecessor-version":[{"id":20166,"href":"https:\/\/www.omaec.org\/en\/wp-json\/wp\/v2\/pages\/20001\/revisions\/20166"}],"wp:attachment":[{"href":"https:\/\/www.omaec.org\/en\/wp-json\/wp\/v2\/media?parent=20001"}],"curies":[{"name":"wp","href":"https:\/\/api.w.org\/{rel}","templated":true}]}}