{"id":19930,"date":"2023-02-10T02:11:40","date_gmt":"2023-02-10T01:11:40","guid":{"rendered":"https:\/\/www.omaec.org\/secretariado-de-formacion-permanente-2-2\/"},"modified":"2023-02-10T02:11:40","modified_gmt":"2023-02-10T01:11:40","slug":"secretariado-de-formacion-permanente-2","status":"publish","type":"page","link":"https:\/\/www.omaec.org\/en\/secretariado-de-formacion-permanente-2\/","title":{"rendered":"Secretariado de Formaci\u00f3n Permanente"},"content":{"rendered":"<h1>Secretariado de Formaci\u00f3n Permanente<\/h1>\n<h3>Los ex alumnos de la Educaci\u00f3n Cat\u00f3lica tienen un compromiso social con los m\u00e1s desfavorecidos. los exalumnos de las diferentes Congregaciones dedican esfuerzos para sensibilizar a la sociedad de que \u201cun mundo mejor es posible\u201d.<\/h3>\n","protected":false},"excerpt":{"rendered":"<p>Secretariado de Formaci\u00f3n Permanente Los ex alumnos de la Educaci\u00f3n Cat\u00f3lica tienen un compromiso social con los m\u00e1s desfavorecidos. los exalumnos de las diferentes Congregaciones dedican esfuerzos para sensibilizar a la sociedad de que \u201cun mundo mejor es posible\u201d.<\/p>\n","protected":false},"author":1,"featured_media":0,"parent":0,"menu_order":0,"comment_status":"closed","ping_status":"closed","template":"elementor_header_footer","meta":{"footnotes":""},"class_list":["post-19930","page","type-page","status-publish","hentry"],"acf":[],"yoast_head":"<!-- This site is optimized with the Yoast SEO plugin v20.11 - https:\/\/yoast.com\/wordpress\/plugins\/seo\/ -->\n<title>Secretariado de Formaci\u00f3n Permanente - Organizaci\u00f3n Mundial de Antiguos Alumnos de la Educaci\u00f3n Cat\u00f3lica<\/title>\n<meta name=\"robots\" content=\"index, follow, max-snippet:-1, max-image-preview:large, max-video-preview:-1\" \/>\n<link rel=\"canonical\" href=\"https:\/\/www.omaec.org\/en\/secretariado-de-formacion-permanente-2\/\" \/>\n<meta property=\"og:locale\" content=\"en_US\" \/>\n<meta property=\"og:type\" content=\"article\" \/>\n<meta property=\"og:title\" content=\"Secretariado de Formaci\u00f3n Permanente - Organizaci\u00f3n Mundial de Antiguos Alumnos de la Educaci\u00f3n Cat\u00f3lica\" \/>\n<meta property=\"og:description\" content=\"Secretariado de Formaci\u00f3n Permanente Los ex alumnos de la Educaci\u00f3n Cat\u00f3lica tienen un compromiso social con los m\u00e1s desfavorecidos. los exalumnos de las diferentes Congregaciones dedican esfuerzos para sensibilizar a la sociedad de que \u201cun mundo mejor es posible\u201d.\" \/>\n<meta property=\"og:url\" content=\"https:\/\/www.omaec.org\/en\/secretariado-de-formacion-permanente-2\/\" \/>\n<meta property=\"og:site_name\" content=\"Organizaci\u00f3n Mundial de Antiguos Alumnos de la Educaci\u00f3n Cat\u00f3lica\" \/>\n<meta name=\"twitter:card\" content=\"summary_large_image\" \/>\n<script type=\"application\/ld+json\" class=\"yoast-schema-graph\">{\"@context\":\"https:\/\/schema.org\",\"@graph\":[{\"@type\":\"WebPage\",\"@id\":\"https:\/\/www.omaec.org\/en\/secretariado-de-formacion-permanente-2\/\",\"url\":\"https:\/\/www.omaec.org\/en\/secretariado-de-formacion-permanente-2\/\",\"name\":\"Secretariado de Formaci\u00f3n Permanente - Organizaci\u00f3n Mundial de Antiguos Alumnos de la Educaci\u00f3n Cat\u00f3lica\",\"isPartOf\":{\"@id\":\"https:\/\/www.omaec.org\/#website\"},\"datePublished\":\"2023-02-10T01:11:40+00:00\",\"dateModified\":\"2023-02-10T01:11:40+00:00\",\"breadcrumb\":{\"@id\":\"https:\/\/www.omaec.org\/en\/secretariado-de-formacion-permanente-2\/#breadcrumb\"},\"inLanguage\":\"en-US\",\"potentialAction\":[{\"@type\":\"ReadAction\",\"target\":[\"https:\/\/www.omaec.org\/en\/secretariado-de-formacion-permanente-2\/\"]}]},{\"@type\":\"BreadcrumbList\",\"@id\":\"https:\/\/www.omaec.org\/en\/secretariado-de-formacion-permanente-2\/#breadcrumb\",\"itemListElement\":[{\"@type\":\"ListItem\",\"position\":1,\"name\":\"Portada\",\"item\":\"https:\/\/www.omaec.org\/en\/\"},{\"@type\":\"ListItem\",\"position\":2,\"name\":\"Secretariado de Formaci\u00f3n Permanente\"}]},{\"@type\":\"WebSite\",\"@id\":\"https:\/\/www.omaec.org\/#website\",\"url\":\"https:\/\/www.omaec.org\/\",\"name\":\"Organizaci\u00f3n Mundial de Antiguos Alumnos de la Educaci\u00f3n Cat\u00f3lica\",\"description\":\"OMAEC\",\"publisher\":{\"@id\":\"https:\/\/www.omaec.org\/#organization\"},\"potentialAction\":[{\"@type\":\"SearchAction\",\"target\":{\"@type\":\"EntryPoint\",\"urlTemplate\":\"https:\/\/www.omaec.org\/?s={search_term_string}\"},\"query-input\":\"required name=search_term_string\"}],\"inLanguage\":\"en-US\"},{\"@type\":\"Organization\",\"@id\":\"https:\/\/www.omaec.org\/#organization\",\"name\":\"Organizaci\u00f3n Mundial de Antiguos Alumnos de la Educaci\u00f3n Cat\u00f3lica\",\"url\":\"https:\/\/www.omaec.org\/\",\"logo\":{\"@type\":\"ImageObject\",\"inLanguage\":\"en-US\",\"@id\":\"https:\/\/www.omaec.org\/#\/schema\/logo\/image\/\",\"url\":\"https:\/\/www.omaec.org\/wp-content\/uploads\/2021\/06\/OMAEC-LOGO-OFICIAL.jpg\",\"contentUrl\":\"https:\/\/www.omaec.org\/wp-content\/uploads\/2021\/06\/OMAEC-LOGO-OFICIAL.jpg\",\"width\":525,\"height\":452,\"caption\":\"Organizaci\u00f3n Mundial de Antiguos  Alumnos de la Educaci\u00f3n Cat\u00f3lica\"},\"image\":{\"@id\":\"https:\/\/www.omaec.org\/#\/schema\/logo\/image\/\"}}]}<\/script>\n<!-- \/ Yoast SEO plugin. -->","yoast_head_json":{"title":"Secretariado de Formaci\u00f3n Permanente - Organizaci\u00f3n Mundial de Antiguos Alumnos de la Educaci\u00f3n Cat\u00f3lica","robots":{"index":"index","follow":"follow","max-snippet":"max-snippet:-1","max-image-preview":"max-image-preview:large","max-video-preview":"max-video-preview:-1"},"canonical":"https:\/\/www.omaec.org\/en\/secretariado-de-formacion-permanente-2\/","og_locale":"en_US","og_type":"article","og_title":"Secretariado de Formaci\u00f3n Permanente - Organizaci\u00f3n Mundial de Antiguos Alumnos de la Educaci\u00f3n Cat\u00f3lica","og_description":"Secretariado de Formaci\u00f3n Permanente Los ex alumnos de la Educaci\u00f3n Cat\u00f3lica tienen un compromiso social con los m\u00e1s desfavorecidos. los exalumnos de las diferentes Congregaciones dedican esfuerzos para sensibilizar a la sociedad de que \u201cun mundo mejor es posible\u201d.","og_url":"https:\/\/www.omaec.org\/en\/secretariado-de-formacion-permanente-2\/","og_site_name":"Organizaci\u00f3n Mundial de Antiguos Alumnos de la Educaci\u00f3n Cat\u00f3lica","twitter_card":"summary_large_image","schema":{"@context":"https:\/\/schema.org","@graph":[{"@type":"WebPage","@id":"https:\/\/www.omaec.org\/en\/secretariado-de-formacion-permanente-2\/","url":"https:\/\/www.omaec.org\/en\/secretariado-de-formacion-permanente-2\/","name":"Secretariado de Formaci\u00f3n Permanente - Organizaci\u00f3n Mundial de Antiguos Alumnos de la Educaci\u00f3n Cat\u00f3lica","isPartOf":{"@id":"https:\/\/www.omaec.org\/#website"},"datePublished":"2023-02-10T01:11:40+00:00","dateModified":"2023-02-10T01:11:40+00:00","breadcrumb":{"@id":"https:\/\/www.omaec.org\/en\/secretariado-de-formacion-permanente-2\/#breadcrumb"},"inLanguage":"en-US","potentialAction":[{"@type":"ReadAction","target":["https:\/\/www.omaec.org\/en\/secretariado-de-formacion-permanente-2\/"]}]},{"@type":"BreadcrumbList","@id":"https:\/\/www.omaec.org\/en\/secretariado-de-formacion-permanente-2\/#breadcrumb","itemListElement":[{"@type":"ListItem","position":1,"name":"Portada","item":"https:\/\/www.omaec.org\/en\/"},{"@type":"ListItem","position":2,"name":"Secretariado de Formaci\u00f3n Permanente"}]},{"@type":"WebSite","@id":"https:\/\/www.omaec.org\/#website","url":"https:\/\/www.omaec.org\/","name":"Organizaci\u00f3n Mundial de Antiguos Alumnos de la Educaci\u00f3n Cat\u00f3lica","description":"OMAEC","publisher":{"@id":"https:\/\/www.omaec.org\/#organization"},"potentialAction":[{"@type":"SearchAction","target":{"@type":"EntryPoint","urlTemplate":"https:\/\/www.omaec.org\/?s={search_term_string}"},"query-input":"required name=search_term_string"}],"inLanguage":"en-US"},{"@type":"Organization","@id":"https:\/\/www.omaec.org\/#organization","name":"Organizaci\u00f3n Mundial de Antiguos Alumnos de la Educaci\u00f3n Cat\u00f3lica","url":"https:\/\/www.omaec.org\/","logo":{"@type":"ImageObject","inLanguage":"en-US","@id":"https:\/\/www.omaec.org\/#\/schema\/logo\/image\/","url":"https:\/\/www.omaec.org\/wp-content\/uploads\/2021\/06\/OMAEC-LOGO-OFICIAL.jpg","contentUrl":"https:\/\/www.omaec.org\/wp-content\/uploads\/2021\/06\/OMAEC-LOGO-OFICIAL.jpg","width":525,"height":452,"caption":"Organizaci\u00f3n Mundial de Antiguos  Alumnos de la Educaci\u00f3n Cat\u00f3lica"},"image":{"@id":"https:\/\/www.omaec.org\/#\/schema\/logo\/image\/"}}]}},"_links":{"self":[{"href":"https:\/\/www.omaec.org\/en\/wp-json\/wp\/v2\/pages\/19930","targetHints":{"allow":["GET"]}}],"collection":[{"href":"https:\/\/www.omaec.org\/en\/wp-json\/wp\/v2\/pages"}],"about":[{"href":"https:\/\/www.omaec.org\/en\/wp-json\/wp\/v2\/types\/page"}],"author":[{"embeddable":true,"href":"https:\/\/www.omaec.org\/en\/wp-json\/wp\/v2\/users\/1"}],"replies":[{"embeddable":true,"href":"https:\/\/www.omaec.org\/en\/wp-json\/wp\/v2\/comments?post=19930"}],"version-history":[{"count":0,"href":"https:\/\/www.omaec.org\/en\/wp-json\/wp\/v2\/pages\/19930\/revisions"}],"wp:attachment":[{"href":"https:\/\/www.omaec.org\/en\/wp-json\/wp\/v2\/media?parent=19930"}],"curies":[{"name":"wp","href":"https:\/\/api.w.org\/{rel}","templated":true}]}}