{"id":18937,"date":"2023-02-10T01:34:50","date_gmt":"2023-02-10T00:34:50","guid":{"rendered":"https:\/\/www.omaec.org\/secretariado-de-justicia-social-y-solidaridad\/"},"modified":"2023-12-02T07:55:32","modified_gmt":"2023-12-02T06:55:32","slug":"secretariado-de-justicia-social-y-solidaridad","status":"publish","type":"page","link":"https:\/\/www.omaec.org\/en\/secretariado-de-justicia-social-y-solidaridad\/","title":{"rendered":"Secretariado de Justicia Social y Solidaridad"},"content":{"rendered":"\t\t<div data-elementor-type=\"wp-page\" data-elementor-id=\"18937\" class=\"elementor elementor-18937 elementor-11301\" data-elementor-post-type=\"page\">\n\t\t\t\t\t\t\t\t\t<section class=\"elementor-section elementor-top-section elementor-element elementor-element-b34f3c7 elementor-section-boxed elementor-section-height-default elementor-section-height-default\" data-id=\"b34f3c7\" data-element_type=\"section\">\n\t\t\t\t\t\t<div class=\"elementor-container elementor-column-gap-no\">\n\t\t\t\t\t<div class=\"elementor-column elementor-col-100 elementor-top-column elementor-element elementor-element-64d3334\" data-id=\"64d3334\" data-element_type=\"column\">\n\t\t\t<div class=\"elementor-widget-wrap elementor-element-populated\">\n\t\t\t\t\t\t\t\t<div class=\"elementor-element elementor-element-3a4f2b5 elementor-align-left elementor-widget elementor-widget-breadcrumbs\" data-id=\"3a4f2b5\" data-element_type=\"widget\" data-widget_type=\"breadcrumbs.default\">\n\t\t\t\t<div class=\"elementor-widget-container\">\n\t\t\t<p id=\"breadcrumbs\"><span><span><a href=\"https:\/\/www.omaec.org\/en\/\">Portada<\/a><\/span><\/span><\/p>\t\t<\/div>\n\t\t\t\t<\/div>\n\t\t\t\t\t<\/div>\n\t\t<\/div>\n\t\t\t\t\t\t\t<\/div>\n\t\t<\/section>\n\t\t\t\t<section class=\"elementor-section elementor-top-section elementor-element elementor-element-7643513e elementor-section-boxed elementor-section-height-default elementor-section-height-default\" data-id=\"7643513e\" data-element_type=\"section\" data-settings=\"{&quot;background_background&quot;:&quot;classic&quot;}\">\n\t\t\t\t\t\t\t<div class=\"elementor-background-overlay\"><\/div>\n\t\t\t\t\t\t\t<div class=\"elementor-container elementor-column-gap-no\">\n\t\t\t\t\t<div class=\"elementor-column elementor-col-100 elementor-top-column elementor-element elementor-element-695842a8\" data-id=\"695842a8\" data-element_type=\"column\">\n\t\t\t<div class=\"elementor-widget-wrap elementor-element-populated\">\n\t\t\t\t\t\t\t\t<div class=\"elementor-element elementor-element-75c5f697 elementor-widget elementor-widget-heading\" data-id=\"75c5f697\" data-element_type=\"widget\" data-widget_type=\"heading.default\">\n\t\t\t\t<div class=\"elementor-widget-container\">\n\t\t\t<h1 class=\"elementor-heading-title elementor-size-default\">Secretariat of Social Justice and Solidarity<\/h1>\t\t<\/div>\n\t\t\t\t<\/div>\n\t\t\t\t<div class=\"elementor-element elementor-element-6608b033 elementor-widget__width-initial elementor-widget elementor-widget-heading\" data-id=\"6608b033\" data-element_type=\"widget\" data-widget_type=\"heading.default\">\n\t\t\t\t<div class=\"elementor-widget-container\">\n\t\t\t<h3 class=\"elementor-heading-title elementor-size-default\">Former students of Catholic education are socially committed to the most disadvantaged. Former students from the different congregations work to raise awareness in society that \"a better world is possible\"<\/h3>\t\t<\/div>\n\t\t\t\t<\/div>\n\t\t\t\t<div class=\"elementor-element elementor-element-5b0737b5 elementor-grid-tablet-3 elementor-grid-3 elementor-grid-mobile-1 elementor-posts--thumbnail-top elementor-widget elementor-widget-posts\" data-id=\"5b0737b5\" data-element_type=\"widget\" data-settings=\"{&quot;classic_row_gap&quot;:{&quot;unit&quot;:&quot;px&quot;,&quot;size&quot;:0,&quot;sizes&quot;:[]},&quot;classic_columns_tablet&quot;:&quot;3&quot;,&quot;classic_row_gap_mobile&quot;:{&quot;unit&quot;:&quot;px&quot;,&quot;size&quot;:19,&quot;sizes&quot;:[]},&quot;classic_columns&quot;:&quot;3&quot;,&quot;classic_columns_mobile&quot;:&quot;1&quot;,&quot;classic_row_gap_tablet&quot;:{&quot;unit&quot;:&quot;px&quot;,&quot;size&quot;:&quot;&quot;,&quot;sizes&quot;:[]}}\" data-widget_type=\"posts.classic\">\n\t\t\t\t<div class=\"elementor-widget-container\">\n\t\t\t\t\t<div class=\"elementor-posts-container elementor-posts elementor-posts--skin-classic elementor-grid\">\n\t\t\t\t<article class=\"elementor-post elementor-grid-item post-12678 post type-post status-publish format-standard has-post-thumbnail hentry category-secretariat-justice-and-solidarity\">\n\t\t\t\t<a class=\"elementor-post__thumbnail__link\" href=\"https:\/\/www.omaec.org\/en\/earthquake-in-turkey-and-syria-help\/\" >\n\t\t\t<div class=\"elementor-post__thumbnail\"><img loading=\"lazy\" decoding=\"async\" width=\"300\" height=\"169\" src=\"https:\/\/www.omaec.org\/wp-content\/uploads\/2023\/03\/terremoto-2-300x169.jpg\" class=\"attachment-medium size-medium wp-image-12680\" alt=\"\" srcset=\"https:\/\/www.omaec.org\/wp-content\/uploads\/2023\/03\/terremoto-2-300x169.jpg 300w, https:\/\/www.omaec.org\/wp-content\/uploads\/2023\/03\/terremoto-2-1024x576.jpg 1024w, https:\/\/www.omaec.org\/wp-content\/uploads\/2023\/03\/terremoto-2-768x432.jpg 768w, https:\/\/www.omaec.org\/wp-content\/uploads\/2023\/03\/terremoto-2-1170x658.jpg 1170w, https:\/\/www.omaec.org\/wp-content\/uploads\/2023\/03\/terremoto-2.jpg 1300w\" sizes=\"auto, (max-width: 300px) 100vw, 300px\" \/><\/div>\n\t\t<\/a>\n\t\t\t\t<div class=\"elementor-post__text\">\n\t\t\t\t<h3 class=\"elementor-post__title\">\n\t\t\t<a href=\"https:\/\/www.omaec.org\/en\/earthquake-in-turkey-and-syria-help\/\" >\n\t\t\t\tEarthquake in Turkey and Syria &#8211; HELP\t\t\t<\/a>\n\t\t<\/h3>\n\t\t\t\t<div class=\"elementor-post__meta-data\">\n\t\t\t\t\t<span class=\"elementor-post-date\">\n\t\t\t20 March, 2023\t\t<\/span>\n\t\t\t\t<span class=\"elementor-post-avatar\">\n\t\t\tNo Comments\t\t<\/span>\n\t\t\t\t<\/div>\n\t\t\t\t<div class=\"elementor-post__excerpt\">\n\t\t\t<p>Message from the Union of former pupils of the French schools in Turkey Dear Unionists, We are terribly affected by the earthquake in Turkey and<\/p>\n\t\t<\/div>\n\t\t\n\t\t<a class=\"elementor-post__read-more\" href=\"https:\/\/www.omaec.org\/en\/earthquake-in-turkey-and-syria-help\/\" aria-label=\"Read more about Earthquake in Turkey and Syria &#8211; HELP\" >\n\t\t\tLeer m\u00e1s \u00bb\t\t<\/a>\n\n\t\t\t\t<\/div>\n\t\t\t\t<\/article>\n\t\t\t\t<article class=\"elementor-post elementor-grid-item post-11066 post type-post status-publish format-standard has-post-thumbnail hentry category-sin-categoria category-sin-categoria-en category-solidaria category-solidarity\">\n\t\t\t\t<a class=\"elementor-post__thumbnail__link\" href=\"https:\/\/www.omaec.org\/en\/fratelli-project\/\" >\n\t\t\t<div class=\"elementor-post__thumbnail\"><img loading=\"lazy\" decoding=\"async\" width=\"300\" height=\"225\" src=\"https:\/\/www.omaec.org\/wp-content\/uploads\/2022\/05\/Nelson-y-H-Rafa-Roma-2-2-300x225.jpg\" class=\"attachment-medium size-medium wp-image-11068\" alt=\"\" srcset=\"https:\/\/www.omaec.org\/wp-content\/uploads\/2022\/05\/Nelson-y-H-Rafa-Roma-2-2-300x225.jpg 300w, https:\/\/www.omaec.org\/wp-content\/uploads\/2022\/05\/Nelson-y-H-Rafa-Roma-2-2-1024x768.jpg 1024w, https:\/\/www.omaec.org\/wp-content\/uploads\/2022\/05\/Nelson-y-H-Rafa-Roma-2-2-768x576.jpg 768w, https:\/\/www.omaec.org\/wp-content\/uploads\/2022\/05\/Nelson-y-H-Rafa-Roma-2-2-1536x1152.jpg 1536w, https:\/\/www.omaec.org\/wp-content\/uploads\/2022\/05\/Nelson-y-H-Rafa-Roma-2-2-1170x878.jpg 1170w, https:\/\/www.omaec.org\/wp-content\/uploads\/2022\/05\/Nelson-y-H-Rafa-Roma-2-2.jpg 1600w\" sizes=\"auto, (max-width: 300px) 100vw, 300px\" \/><\/div>\n\t\t<\/a>\n\t\t\t\t<div class=\"elementor-post__text\">\n\t\t\t\t<h3 class=\"elementor-post__title\">\n\t\t\t<a href=\"https:\/\/www.omaec.org\/en\/fratelli-project\/\" >\n\t\t\t\tFRATELLI Project\t\t\t<\/a>\n\t\t<\/h3>\n\t\t\t\t<div class=\"elementor-post__meta-data\">\n\t\t\t\t\t<span class=\"elementor-post-date\">\n\t\t\t2 May, 2022\t\t<\/span>\n\t\t\t\t<span class=\"elementor-post-avatar\">\n\t\t\tNo Comments\t\t<\/span>\n\t\t\t\t<\/div>\n\t\t\t\t<div class=\"elementor-post__excerpt\">\n\t\t\t<p>From the Solidarity and Social Justice Secretariat, leads by Nelson Moros (Colombia), we have important news to share with all of you. During the month<\/p>\n\t\t<\/div>\n\t\t\n\t\t<a class=\"elementor-post__read-more\" href=\"https:\/\/www.omaec.org\/en\/fratelli-project\/\" aria-label=\"Read more about FRATELLI Project\" >\n\t\t\tLeer m\u00e1s \u00bb\t\t<\/a>\n\n\t\t\t\t<\/div>\n\t\t\t\t<\/article>\n\t\t\t\t<article class=\"elementor-post elementor-grid-item post-5104 post type-post status-publish format-standard has-post-thumbnail hentry category-solidaria category-solidarity\">\n\t\t\t\t<a class=\"elementor-post__thumbnail__link\" href=\"https:\/\/www.omaec.org\/en\/fair-trade-2021\/\" >\n\t\t\t<div class=\"elementor-post__thumbnail\"><img loading=\"lazy\" decoding=\"async\" width=\"300\" height=\"200\" src=\"https:\/\/www.omaec.org\/wp-content\/uploads\/2021\/05\/cjUSTO-2021-2-300x200.jpg\" class=\"attachment-medium size-medium wp-image-5106\" alt=\"\" srcset=\"https:\/\/www.omaec.org\/wp-content\/uploads\/2021\/05\/cjUSTO-2021-2-300x200.jpg 300w, https:\/\/www.omaec.org\/wp-content\/uploads\/2021\/05\/cjUSTO-2021-2-150x100.jpg 150w, https:\/\/www.omaec.org\/wp-content\/uploads\/2021\/05\/cjUSTO-2021-2.jpg 512w\" sizes=\"auto, (max-width: 300px) 100vw, 300px\" \/><\/div>\n\t\t<\/a>\n\t\t\t\t<div class=\"elementor-post__text\">\n\t\t\t\t<h3 class=\"elementor-post__title\">\n\t\t\t<a href=\"https:\/\/www.omaec.org\/en\/fair-trade-2021\/\" >\n\t\t\t\tFAIR TRADE 2021\t\t\t<\/a>\n\t\t<\/h3>\n\t\t\t\t<div class=\"elementor-post__meta-data\">\n\t\t\t\t\t<span class=\"elementor-post-date\">\n\t\t\t5 May, 2021\t\t<\/span>\n\t\t\t\t<span class=\"elementor-post-avatar\">\n\t\t\tNo Comments\t\t<\/span>\n\t\t\t\t<\/div>\n\t\t\t\t<div class=\"elementor-post__excerpt\">\n\t\t\t<p>World Fair Trade Day&#8221; is celebrated on May 9th. What is Fair Trade? It is a system of trade based on solidarity and alternative to<\/p>\n\t\t<\/div>\n\t\t\n\t\t<a class=\"elementor-post__read-more\" href=\"https:\/\/www.omaec.org\/en\/fair-trade-2021\/\" aria-label=\"Read more about FAIR TRADE 2021\" >\n\t\t\tLeer m\u00e1s \u00bb\t\t<\/a>\n\n\t\t\t\t<\/div>\n\t\t\t\t<\/article>\n\t\t\t\t<\/div>\n\t\t\n\t\t\t\t<div class=\"e-load-more-anchor\" data-page=\"1\" data-max-page=\"12\" data-next-page=\"https:\/\/www.omaec.org\/en\/wp-json\/wp\/v2\/pages\/18937\/page\/2\/\"><\/div>\n\t\t\t\t<nav class=\"elementor-pagination\" aria-label=\"Pagination\">\n\t\t\t<span class=\"page-numbers prev\">&laquo; Previous<\/span>\n<a class=\"page-numbers next\" href=\"https:\/\/www.omaec.org\/en\/wp-json\/wp\/v2\/pages\/18937\/page\/2\/\">Next &raquo;<\/a>\t\t<\/nav>\n\t\t\t\t<\/div>\n\t\t\t\t<\/div>\n\t\t\t\t\t<\/div>\n\t\t<\/div>\n\t\t\t\t\t\t\t<\/div>\n\t\t<\/section>\n\t\t\t\t\t\t\t<\/div>\n\t\t","protected":false},"excerpt":{"rendered":"<p>Secretariat of Social Justice and Solidarity Former students of Catholic education are socially committed to the most disadvantaged. Former students from the different congregations work to raise awareness in society that &#8220;a better world is possible&#8221;<\/p>\n","protected":false},"author":1,"featured_media":0,"parent":0,"menu_order":0,"comment_status":"closed","ping_status":"closed","template":"elementor_header_footer","meta":{"footnotes":""},"class_list":["post-18937","page","type-page","status-publish","hentry"],"acf":[],"yoast_head":"<!-- This site is optimized with the Yoast SEO plugin v20.11 - https:\/\/yoast.com\/wordpress\/plugins\/seo\/ -->\n<title>Secretariado de Justicia Social y Solidaridad - Organizaci\u00f3n Mundial de Antiguos Alumnos de la Educaci\u00f3n Cat\u00f3lica<\/title>\n<meta name=\"robots\" content=\"index, follow, max-snippet:-1, max-image-preview:large, max-video-preview:-1\" \/>\n<link rel=\"canonical\" href=\"https:\/\/www.omaec.org\/secretariado-de-justicia-social-y-solidaridad\/\" \/>\n<meta property=\"og:locale\" content=\"en_US\" \/>\n<meta property=\"og:type\" content=\"article\" \/>\n<meta property=\"og:title\" content=\"Secretariado de Justicia Social y Solidaridad - Organizaci\u00f3n Mundial de Antiguos Alumnos de la Educaci\u00f3n Cat\u00f3lica\" \/>\n<meta property=\"og:description\" content=\"Secretariat of Social Justice and Solidarity Former students of Catholic education are socially committed to the most disadvantaged. Former students from the different congregations work to raise awareness in society that &#8220;a better world is possible&#8221;\" \/>\n<meta property=\"og:url\" content=\"https:\/\/www.omaec.org\/secretariado-de-justicia-social-y-solidaridad\/\" \/>\n<meta property=\"og:site_name\" content=\"Organizaci\u00f3n Mundial de Antiguos Alumnos de la Educaci\u00f3n Cat\u00f3lica\" \/>\n<meta property=\"article:modified_time\" content=\"2023-12-02T06:55:32+00:00\" \/>\n<meta name=\"twitter:card\" content=\"summary_large_image\" \/>\n<meta name=\"twitter:label1\" content=\"Est. reading time\" \/>\n\t<meta name=\"twitter:data1\" content=\"2 minutes\" \/>\n<script type=\"application\/ld+json\" class=\"yoast-schema-graph\">{\"@context\":\"https:\/\/schema.org\",\"@graph\":[{\"@type\":\"WebPage\",\"@id\":\"https:\/\/www.omaec.org\/secretariado-de-justicia-social-y-solidaridad\/\",\"url\":\"https:\/\/www.omaec.org\/secretariado-de-justicia-social-y-solidaridad\/\",\"name\":\"Secretariado de Justicia Social y Solidaridad - Organizaci\u00f3n Mundial de Antiguos Alumnos de la Educaci\u00f3n Cat\u00f3lica\",\"isPartOf\":{\"@id\":\"https:\/\/www.omaec.org\/#website\"},\"datePublished\":\"2023-02-10T00:34:50+00:00\",\"dateModified\":\"2023-12-02T06:55:32+00:00\",\"breadcrumb\":{\"@id\":\"https:\/\/www.omaec.org\/secretariado-de-justicia-social-y-solidaridad\/#breadcrumb\"},\"inLanguage\":\"en-US\",\"potentialAction\":[{\"@type\":\"ReadAction\",\"target\":[\"https:\/\/www.omaec.org\/secretariado-de-justicia-social-y-solidaridad\/\"]}]},{\"@type\":\"BreadcrumbList\",\"@id\":\"https:\/\/www.omaec.org\/secretariado-de-justicia-social-y-solidaridad\/#breadcrumb\",\"itemListElement\":[{\"@type\":\"ListItem\",\"position\":1,\"name\":\"Portada\",\"item\":\"https:\/\/www.omaec.org\/en\/\"},{\"@type\":\"ListItem\",\"position\":2,\"name\":\"Secretariado de Justicia Social y Solidaridad\"}]},{\"@type\":\"WebSite\",\"@id\":\"https:\/\/www.omaec.org\/#website\",\"url\":\"https:\/\/www.omaec.org\/\",\"name\":\"Organizaci\u00f3n Mundial de Antiguos Alumnos de la Educaci\u00f3n Cat\u00f3lica\",\"description\":\"OMAEC\",\"publisher\":{\"@id\":\"https:\/\/www.omaec.org\/#organization\"},\"potentialAction\":[{\"@type\":\"SearchAction\",\"target\":{\"@type\":\"EntryPoint\",\"urlTemplate\":\"https:\/\/www.omaec.org\/?s={search_term_string}\"},\"query-input\":\"required name=search_term_string\"}],\"inLanguage\":\"en-US\"},{\"@type\":\"Organization\",\"@id\":\"https:\/\/www.omaec.org\/#organization\",\"name\":\"Organizaci\u00f3n Mundial de Antiguos Alumnos de la Educaci\u00f3n Cat\u00f3lica\",\"url\":\"https:\/\/www.omaec.org\/\",\"logo\":{\"@type\":\"ImageObject\",\"inLanguage\":\"en-US\",\"@id\":\"https:\/\/www.omaec.org\/#\/schema\/logo\/image\/\",\"url\":\"https:\/\/www.omaec.org\/wp-content\/uploads\/2021\/06\/OMAEC-LOGO-OFICIAL.jpg\",\"contentUrl\":\"https:\/\/www.omaec.org\/wp-content\/uploads\/2021\/06\/OMAEC-LOGO-OFICIAL.jpg\",\"width\":525,\"height\":452,\"caption\":\"Organizaci\u00f3n Mundial de Antiguos  Alumnos de la Educaci\u00f3n Cat\u00f3lica\"},\"image\":{\"@id\":\"https:\/\/www.omaec.org\/#\/schema\/logo\/image\/\"}}]}<\/script>\n<!-- \/ Yoast SEO plugin. -->","yoast_head_json":{"title":"Secretariado de Justicia Social y Solidaridad - Organizaci\u00f3n Mundial de Antiguos Alumnos de la Educaci\u00f3n Cat\u00f3lica","robots":{"index":"index","follow":"follow","max-snippet":"max-snippet:-1","max-image-preview":"max-image-preview:large","max-video-preview":"max-video-preview:-1"},"canonical":"https:\/\/www.omaec.org\/secretariado-de-justicia-social-y-solidaridad\/","og_locale":"en_US","og_type":"article","og_title":"Secretariado de Justicia Social y Solidaridad - Organizaci\u00f3n Mundial de Antiguos Alumnos de la Educaci\u00f3n Cat\u00f3lica","og_description":"Secretariat of Social Justice and Solidarity Former students of Catholic education are socially committed to the most disadvantaged. Former students from the different congregations work to raise awareness in society that &#8220;a better world is possible&#8221;","og_url":"https:\/\/www.omaec.org\/secretariado-de-justicia-social-y-solidaridad\/","og_site_name":"Organizaci\u00f3n Mundial de Antiguos Alumnos de la Educaci\u00f3n Cat\u00f3lica","article_modified_time":"2023-12-02T06:55:32+00:00","twitter_card":"summary_large_image","twitter_misc":{"Est. reading time":"2 minutes"},"schema":{"@context":"https:\/\/schema.org","@graph":[{"@type":"WebPage","@id":"https:\/\/www.omaec.org\/secretariado-de-justicia-social-y-solidaridad\/","url":"https:\/\/www.omaec.org\/secretariado-de-justicia-social-y-solidaridad\/","name":"Secretariado de Justicia Social y Solidaridad - Organizaci\u00f3n Mundial de Antiguos Alumnos de la Educaci\u00f3n Cat\u00f3lica","isPartOf":{"@id":"https:\/\/www.omaec.org\/#website"},"datePublished":"2023-02-10T00:34:50+00:00","dateModified":"2023-12-02T06:55:32+00:00","breadcrumb":{"@id":"https:\/\/www.omaec.org\/secretariado-de-justicia-social-y-solidaridad\/#breadcrumb"},"inLanguage":"en-US","potentialAction":[{"@type":"ReadAction","target":["https:\/\/www.omaec.org\/secretariado-de-justicia-social-y-solidaridad\/"]}]},{"@type":"BreadcrumbList","@id":"https:\/\/www.omaec.org\/secretariado-de-justicia-social-y-solidaridad\/#breadcrumb","itemListElement":[{"@type":"ListItem","position":1,"name":"Portada","item":"https:\/\/www.omaec.org\/en\/"},{"@type":"ListItem","position":2,"name":"Secretariado de Justicia Social y Solidaridad"}]},{"@type":"WebSite","@id":"https:\/\/www.omaec.org\/#website","url":"https:\/\/www.omaec.org\/","name":"Organizaci\u00f3n Mundial de Antiguos Alumnos de la Educaci\u00f3n Cat\u00f3lica","description":"OMAEC","publisher":{"@id":"https:\/\/www.omaec.org\/#organization"},"potentialAction":[{"@type":"SearchAction","target":{"@type":"EntryPoint","urlTemplate":"https:\/\/www.omaec.org\/?s={search_term_string}"},"query-input":"required name=search_term_string"}],"inLanguage":"en-US"},{"@type":"Organization","@id":"https:\/\/www.omaec.org\/#organization","name":"Organizaci\u00f3n Mundial de Antiguos Alumnos de la Educaci\u00f3n Cat\u00f3lica","url":"https:\/\/www.omaec.org\/","logo":{"@type":"ImageObject","inLanguage":"en-US","@id":"https:\/\/www.omaec.org\/#\/schema\/logo\/image\/","url":"https:\/\/www.omaec.org\/wp-content\/uploads\/2021\/06\/OMAEC-LOGO-OFICIAL.jpg","contentUrl":"https:\/\/www.omaec.org\/wp-content\/uploads\/2021\/06\/OMAEC-LOGO-OFICIAL.jpg","width":525,"height":452,"caption":"Organizaci\u00f3n Mundial de Antiguos  Alumnos de la Educaci\u00f3n Cat\u00f3lica"},"image":{"@id":"https:\/\/www.omaec.org\/#\/schema\/logo\/image\/"}}]}},"_links":{"self":[{"href":"https:\/\/www.omaec.org\/en\/wp-json\/wp\/v2\/pages\/18937","targetHints":{"allow":["GET"]}}],"collection":[{"href":"https:\/\/www.omaec.org\/en\/wp-json\/wp\/v2\/pages"}],"about":[{"href":"https:\/\/www.omaec.org\/en\/wp-json\/wp\/v2\/types\/page"}],"author":[{"embeddable":true,"href":"https:\/\/www.omaec.org\/en\/wp-json\/wp\/v2\/users\/1"}],"replies":[{"embeddable":true,"href":"https:\/\/www.omaec.org\/en\/wp-json\/wp\/v2\/comments?post=18937"}],"version-history":[{"count":21,"href":"https:\/\/www.omaec.org\/en\/wp-json\/wp\/v2\/pages\/18937\/revisions"}],"predecessor-version":[{"id":20163,"href":"https:\/\/www.omaec.org\/en\/wp-json\/wp\/v2\/pages\/18937\/revisions\/20163"}],"wp:attachment":[{"href":"https:\/\/www.omaec.org\/en\/wp-json\/wp\/v2\/media?parent=18937"}],"curies":[{"name":"wp","href":"https:\/\/api.w.org\/{rel}","templated":true}]}}